{"id":17450,"date":"2023-05-12T23:03:37","date_gmt":"2023-05-12T23:03:37","guid":{"rendered":"https:\/\/www.visitkranj.com\/?page_id=17450"},"modified":"2023-06-07T09:21:54","modified_gmt":"2023-06-07T09:21:54","slug":"preserens-stadt","status":"publish","type":"page","link":"https:\/\/www.visitkranj.com\/de\/kranj\/preserens-stadt\/","title":{"rendered":"Pre\u0161erens Stadt"},"content":{"rendered":"\t\t<div data-elementor-type=\"wp-page\" data-elementor-id=\"17450\" class=\"elementor elementor-17450 elementor-3690\" data-elementor-post-type=\"page\">\n\t\t\t\t<div class=\"elementor-element elementor-element-e566acc e-con-full e-flex e-con e-parent\" data-id=\"e566acc\" data-element_type=\"container\" data-e-type=\"container\" data-settings=\"{&quot;background_background&quot;:&quot;classic&quot;,&quot;jet_parallax_layout_list&quot;:[]}\">\n\t\t\t\t<\/div>\n\t\t<div class=\"elementor-element elementor-element-616fc19 e-flex e-con-boxed e-con e-parent\" data-id=\"616fc19\" data-element_type=\"container\" data-e-type=\"container\" data-settings=\"{&quot;jet_parallax_layout_list&quot;:[]}\">\n\t\t\t\t\t<div class=\"e-con-inner\">\n\t\t<div class=\"elementor-element elementor-element-ceb3d0c e-flex e-con-boxed e-con e-child\" data-id=\"ceb3d0c\" data-element_type=\"container\" data-e-type=\"container\" data-settings=\"{&quot;background_background&quot;:&quot;classic&quot;,&quot;jet_parallax_layout_list&quot;:[]}\">\n\t\t\t\t\t<div class=\"e-con-inner\">\n\t\t\t\t<div class=\"elementor-element elementor-element-4265a7d elementor-widget elementor-widget-heading\" data-id=\"4265a7d\" data-element_type=\"widget\" data-e-type=\"widget\" data-widget_type=\"heading.default\">\n\t\t\t\t<div class=\"elementor-widget-container\">\n\t\t\t\t\t<h1 class=\"elementor-heading-title elementor-size-default\">Pre\u0161erens Stadt<\/h1>\t\t\t\t<\/div>\n\t\t\t\t<\/div>\n\t\t\t\t<div class=\"elementor-element elementor-element-aac35d3 elementor-widget elementor-widget-text-editor\" data-id=\"aac35d3\" data-element_type=\"widget\" data-e-type=\"widget\" data-widget_type=\"text-editor.default\">\n\t\t\t\t<div class=\"elementor-widget-container\">\n\t\t\t\t\t\t\t\t\t<p>Die Altstadt von Kranj ist eine der charmantesten in Slowenien. An jedem Schritt sp\u00fcrt man hier die Sympathie f\u00fcr Kultur und Tradition. Die Stadt haben in ihrer 6000-j\u00e4hrigen Geschichte viele interessante Pers\u00f6nlichkeiten gepr\u00e4gt, unter ihnen auch der gr\u00f6\u00dfte slowenische Dichter, France Pre\u0161eren.<\/p><p>\u00a0<\/p><p>In Kranj gibt es kaum ein Eckchen, das nicht die Erinnerung wecken w\u00fcrde an France Pre\u0161eren, unseren gr\u00f6\u00dften Dichter, gro\u00dfen Kosmopoliten und Menschenfreund, der in dieses Land den gesamteurop\u00e4ischen Geist der Romantik einhauchte. Sen Trinklied, das zur Nationalhymne wurde, besingt die Freundschaft unter allen V\u00f6lkern.<\/p><p>\u00a0<\/p><p>Begeben Sie sich auf den Pfad des Dichters und besuchen Sie die Sehensw\u00fcrdigkeiten, die er inspirierte<\/p><h2>1. <a href=\"https:\/\/www.visitkranj.com\/de\/galerie-der-preseren-preistrager---pavslarhaus\">Galerie der Pre\u0161eren-Preistr\u00e4ger<\/a> und das <a href=\"https:\/\/www.visitkranj.com\/de\/preseren-theater-kranj\">Pre\u0161eren-Theater<\/a><\/h2><p>Im Pav\u0161lar-Haus hat die angesehene Galerie ihr zuhause und hier werden Werke von K\u00fcnstlern ausgestellt, denen der h\u00f6chste slowenische Preis f\u00fcr bildende Kunst verliehen wurde. Also bekommt man hier am besten einen Einblick in das zeitgen\u00f6ssische Schaffen in Slowenien. Unweit davon befindet sich das Pre\u0161eren-Theater, das ber\u00fchmt ist f\u00fcr sein hervorragendes Ensemble und sozial engagierte Vorstellungen.<\/p><h2>2. <a href=\"https:\/\/www.visitkranj.com\/de\/preseren-haus\">Pre\u0161eren-Haus<\/a> und der <a href=\"https:\/\/www.visitkranj.com\/de\/preseren-hain\">Hain von Pre\u0161eren<\/a><\/h2><p>Der Dichter lebte in Kranj in der Mitte des 19. Jahrhunderts. Am besten kann man ihn in dem Haus kennenlernen, in dem er wohnte und wo noch die Originalm\u00f6bel erhalten sind. Seine letzte Ruhest\u00e4tte ist jetzt ein Ged\u00e4chtnishain, in dem man neben seinem Grab auch Monumente f\u00fcr andere bekannte Slowenen sehen kann. Die Stimmung dort ist sehr entspannt und beruhigend.<\/p><h2>3. Pre\u0161erens Rose<\/h2><p>Wussten Sie, dass im Pre\u0161eren-Hain in Kranj die erste slowenische Rose mit registriertem und gesch\u00fctztem Namen\u2013 Rosa Pre\u0161eren \u2013 w\u00e4chst? In langj\u00e4hriger Arbeit und durch das Kreuzen von verschiedenen Rosensorten schuf sie der Akademiker Dr. Matja\u017e Kmecl. Im Jahr 2013 wurde sie dann in Pre\u0161erens Geburtsort Vrba gepflanzt und im Jahr 2017 fand so ein buschiger Strauch mit gro\u00dfen und zahlreichen Bl\u00fcten sein Zuhause auch in Kranj. Die Rosenbl\u00fcten haben eine rosa Farbe mit wei\u00dfen Schattierungen und braunen Farbtonen an den R\u00e4ndern der Bl\u00fctenbl\u00e4tter.<\/p><h2>4. <a href=\"https:\/\/www.visitkranj.com\/de\/stadtbibliothek-kranj\">Stadtbibliothek Kranj<\/a><\/h2><p>Verse von Pre\u0161eren sind in seiner Schrift auf der Glasfassade der Stadtbibliothek zu sehen und die wie das Wohnzimmer von Kranj. Hier k\u00f6nnen Sie den ganzen Tag verbringen, denn neben der gro\u00dfen Auswahl an B\u00fcchern und Magazinen gibt es hier auch die M\u00f6glichkeit, kostenlos im Internet zu surfen, Filme anzuschauen oder den Musikraum zu besuchen. Auch die moderne Architektur dieses Globus-Geb\u00e4udes ist interessant, vom ber\u00fchmten Architekten Edvard Ravnikar entworfen.<\/p><blockquote class=\"wp-block-quote\"><p>PSST, ein Geheimtipp!<\/p><p>Folgen Sie Ihrem Herzen \u2192 Ganz in der N\u00e4he des Pre\u0161eren-Hains ist ein kleines, aber \u00e4u\u00dferst attraktives St\u00fcckchen Natur \u2013 ein Garten, den es noch zu entdecken gilt!<\/p><\/blockquote><p>Bildautoren: Andra\u017e Muljavec, Fotomorgana<\/p>\t\t\t\t\t\t\t\t<\/div>\n\t\t\t\t<\/div>\n\t\t\t\t\t<\/div>\n\t\t\t\t<\/div>\n\t\t\t\t\t<\/div>\n\t\t\t\t<\/div>\n\t\t\t\t<\/div>\n\t\t","protected":false},"excerpt":{"rendered":"<p>Die Altstadt von Kranj ist eine der charmantesten in Slowenien. An jedem Schritt sp\u00fcrt man hier die Sympathie f\u00fcr Kultur und Tradition. Die Stadt haben in ihrer 6000-j\u00e4hrigen Geschichte viele interessante Pers\u00f6nlichkeiten gepr\u00e4gt, unter ihnen auch der gr\u00f6\u00dfte slowenische Dichter, France Pre\u0161eren. In Kranj gibt es kaum ein Eckchen, das nicht die Erinnerung wecken w\u00fcrde [&hellip;]<\/p>\n","protected":false},"author":3,"featured_media":0,"parent":17400,"menu_order":0,"comment_status":"closed","ping_status":"closed","template":"","meta":{"footnotes":""},"class_list":["post-17450","page","type-page","status-publish","hentry"],"yoast_head":"<!-- This site is optimized with the Yoast SEO plugin v26.9 - https:\/\/yoast.com\/product\/yoast-seo-wordpress\/ -->\n<title>Pre\u0161erens Stadt - Visit Kranj<\/title>\n<meta name=\"description\" content=\"Kranj, die Stadt von Pre\u0161eren, wo Kultur und Kunst miteinander verschmelzen. Entdecken Sie die Spuren des gro\u00dfen slowenischen France Pre\u0161ern.\" \/>\n<meta name=\"robots\" content=\"index, follow, max-snippet:-1, max-image-preview:large, max-video-preview:-1\" \/>\n<link rel=\"canonical\" href=\"https:\/\/www.visitkranj.com\/de\/kranj\/preserens-stadt\/\" \/>\n<meta property=\"og:locale\" content=\"de_DE\" \/>\n<meta property=\"og:type\" content=\"article\" \/>\n<meta property=\"og:title\" content=\"Pre\u0161erens Stadt - Visit Kranj\" \/>\n<meta property=\"og:description\" content=\"Kranj, die Stadt von Pre\u0161eren, wo Kultur und Kunst miteinander verschmelzen. Entdecken Sie die Spuren des gro\u00dfen slowenischen France Pre\u0161ern.\" \/>\n<meta property=\"og:url\" content=\"https:\/\/www.visitkranj.com\/de\/kranj\/preserens-stadt\/\" \/>\n<meta property=\"og:site_name\" content=\"Visit Kranj\" \/>\n<meta property=\"article:publisher\" content=\"https:\/\/www.facebook.com\/VisitKranj\/\" \/>\n<meta property=\"article:modified_time\" content=\"2023-06-07T09:21:54+00:00\" \/>\n<meta name=\"twitter:card\" content=\"summary_large_image\" \/>\n<meta name=\"twitter:label1\" content=\"Gesch\u00e4tzte Lesezeit\" \/>\n\t<meta name=\"twitter:data1\" content=\"3\u00a0Minuten\" \/>\n<script type=\"application\/ld+json\" class=\"yoast-schema-graph\">{\"@context\":\"https:\/\/schema.org\",\"@graph\":[{\"@type\":\"WebPage\",\"@id\":\"https:\/\/www.visitkranj.com\/de\/kranj\/preserens-stadt\/\",\"url\":\"https:\/\/www.visitkranj.com\/de\/kranj\/preserens-stadt\/\",\"name\":\"Pre\u0161erens Stadt - Visit Kranj\",\"isPartOf\":{\"@id\":\"https:\/\/www.visitkranj.com\/de\/#website\"},\"datePublished\":\"2023-05-12T23:03:37+00:00\",\"dateModified\":\"2023-06-07T09:21:54+00:00\",\"description\":\"Kranj, die Stadt von Pre\u0161eren, wo Kultur und Kunst miteinander verschmelzen. Entdecken Sie die Spuren des gro\u00dfen slowenischen France Pre\u0161ern.\",\"breadcrumb\":{\"@id\":\"https:\/\/www.visitkranj.com\/de\/kranj\/preserens-stadt\/#breadcrumb\"},\"inLanguage\":\"de\",\"potentialAction\":[{\"@type\":\"ReadAction\",\"target\":[\"https:\/\/www.visitkranj.com\/de\/kranj\/preserens-stadt\/\"]}]},{\"@type\":\"BreadcrumbList\",\"@id\":\"https:\/\/www.visitkranj.com\/de\/kranj\/preserens-stadt\/#breadcrumb\",\"itemListElement\":[{\"@type\":\"ListItem\",\"position\":1,\"name\":\"Start\",\"item\":\"https:\/\/www.visitkranj.com\/de\/\"},{\"@type\":\"ListItem\",\"position\":2,\"name\":\"Kranj\",\"item\":\"https:\/\/www.visitkranj.com\/de\/spoznaj-kranj\/\"},{\"@type\":\"ListItem\",\"position\":3,\"name\":\"Pre\u0161erens Stadt\"}]},{\"@type\":\"WebSite\",\"@id\":\"https:\/\/www.visitkranj.com\/de\/#website\",\"url\":\"https:\/\/www.visitkranj.com\/de\/\",\"name\":\"Visit Kranj\",\"description\":\"Uradna spletna stran turizma Kranj\",\"publisher\":{\"@id\":\"https:\/\/www.visitkranj.com\/de\/#organization\"},\"potentialAction\":[{\"@type\":\"SearchAction\",\"target\":{\"@type\":\"EntryPoint\",\"urlTemplate\":\"https:\/\/www.visitkranj.com\/de\/?s={search_term_string}\"},\"query-input\":{\"@type\":\"PropertyValueSpecification\",\"valueRequired\":true,\"valueName\":\"search_term_string\"}}],\"inLanguage\":\"de\"},{\"@type\":\"Organization\",\"@id\":\"https:\/\/www.visitkranj.com\/de\/#organization\",\"name\":\"Zavod za turizem in kulturo Kranj\",\"url\":\"https:\/\/www.visitkranj.com\/de\/\",\"logo\":{\"@type\":\"ImageObject\",\"inLanguage\":\"de\",\"@id\":\"https:\/\/www.visitkranj.com\/de\/#\/schema\/logo\/image\/\",\"url\":\"https:\/\/www.visitkranj.com\/wp-content\/uploads\/2022\/11\/logo_menu_small.png\",\"contentUrl\":\"https:\/\/www.visitkranj.com\/wp-content\/uploads\/2022\/11\/logo_menu_small.png\",\"width\":142,\"height\":142,\"caption\":\"Zavod za turizem in kulturo Kranj\"},\"image\":{\"@id\":\"https:\/\/www.visitkranj.com\/de\/#\/schema\/logo\/image\/\"},\"sameAs\":[\"https:\/\/www.facebook.com\/VisitKranj\/\",\"https:\/\/www.instagram.com\/visitkranj\/\",\"https:\/\/www.tripadvisor.com\/Attraction_Review-g644300-d7289577-Reviews-Tourist_Information_Centre_Kranj_House-Kranj_Upper_Carniola_Region.html\"]}]}<\/script>\n<!-- \/ Yoast SEO plugin. -->","yoast_head_json":{"title":"Pre\u0161erens Stadt - Visit Kranj","description":"Kranj, die Stadt von Pre\u0161eren, wo Kultur und Kunst miteinander verschmelzen. Entdecken Sie die Spuren des gro\u00dfen slowenischen France Pre\u0161ern.","robots":{"index":"index","follow":"follow","max-snippet":"max-snippet:-1","max-image-preview":"max-image-preview:large","max-video-preview":"max-video-preview:-1"},"canonical":"https:\/\/www.visitkranj.com\/de\/kranj\/preserens-stadt\/","og_locale":"de_DE","og_type":"article","og_title":"Pre\u0161erens Stadt - Visit Kranj","og_description":"Kranj, die Stadt von Pre\u0161eren, wo Kultur und Kunst miteinander verschmelzen. Entdecken Sie die Spuren des gro\u00dfen slowenischen France Pre\u0161ern.","og_url":"https:\/\/www.visitkranj.com\/de\/kranj\/preserens-stadt\/","og_site_name":"Visit Kranj","article_publisher":"https:\/\/www.facebook.com\/VisitKranj\/","article_modified_time":"2023-06-07T09:21:54+00:00","twitter_card":"summary_large_image","twitter_misc":{"Gesch\u00e4tzte Lesezeit":"3\u00a0Minuten"},"schema":{"@context":"https:\/\/schema.org","@graph":[{"@type":"WebPage","@id":"https:\/\/www.visitkranj.com\/de\/kranj\/preserens-stadt\/","url":"https:\/\/www.visitkranj.com\/de\/kranj\/preserens-stadt\/","name":"Pre\u0161erens Stadt - Visit Kranj","isPartOf":{"@id":"https:\/\/www.visitkranj.com\/de\/#website"},"datePublished":"2023-05-12T23:03:37+00:00","dateModified":"2023-06-07T09:21:54+00:00","description":"Kranj, die Stadt von Pre\u0161eren, wo Kultur und Kunst miteinander verschmelzen. Entdecken Sie die Spuren des gro\u00dfen slowenischen France Pre\u0161ern.","breadcrumb":{"@id":"https:\/\/www.visitkranj.com\/de\/kranj\/preserens-stadt\/#breadcrumb"},"inLanguage":"de","potentialAction":[{"@type":"ReadAction","target":["https:\/\/www.visitkranj.com\/de\/kranj\/preserens-stadt\/"]}]},{"@type":"BreadcrumbList","@id":"https:\/\/www.visitkranj.com\/de\/kranj\/preserens-stadt\/#breadcrumb","itemListElement":[{"@type":"ListItem","position":1,"name":"Start","item":"https:\/\/www.visitkranj.com\/de\/"},{"@type":"ListItem","position":2,"name":"Kranj","item":"https:\/\/www.visitkranj.com\/de\/spoznaj-kranj\/"},{"@type":"ListItem","position":3,"name":"Pre\u0161erens Stadt"}]},{"@type":"WebSite","@id":"https:\/\/www.visitkranj.com\/de\/#website","url":"https:\/\/www.visitkranj.com\/de\/","name":"Visit Kranj","description":"Uradna spletna stran turizma Kranj","publisher":{"@id":"https:\/\/www.visitkranj.com\/de\/#organization"},"potentialAction":[{"@type":"SearchAction","target":{"@type":"EntryPoint","urlTemplate":"https:\/\/www.visitkranj.com\/de\/?s={search_term_string}"},"query-input":{"@type":"PropertyValueSpecification","valueRequired":true,"valueName":"search_term_string"}}],"inLanguage":"de"},{"@type":"Organization","@id":"https:\/\/www.visitkranj.com\/de\/#organization","name":"Zavod za turizem in kulturo Kranj","url":"https:\/\/www.visitkranj.com\/de\/","logo":{"@type":"ImageObject","inLanguage":"de","@id":"https:\/\/www.visitkranj.com\/de\/#\/schema\/logo\/image\/","url":"https:\/\/www.visitkranj.com\/wp-content\/uploads\/2022\/11\/logo_menu_small.png","contentUrl":"https:\/\/www.visitkranj.com\/wp-content\/uploads\/2022\/11\/logo_menu_small.png","width":142,"height":142,"caption":"Zavod za turizem in kulturo Kranj"},"image":{"@id":"https:\/\/www.visitkranj.com\/de\/#\/schema\/logo\/image\/"},"sameAs":["https:\/\/www.facebook.com\/VisitKranj\/","https:\/\/www.instagram.com\/visitkranj\/","https:\/\/www.tripadvisor.com\/Attraction_Review-g644300-d7289577-Reviews-Tourist_Information_Centre_Kranj_House-Kranj_Upper_Carniola_Region.html"]}]}},"_links":{"self":[{"href":"https:\/\/www.visitkranj.com\/de\/wp-json\/wp\/v2\/pages\/17450","targetHints":{"allow":["GET"]}}],"collection":[{"href":"https:\/\/www.visitkranj.com\/de\/wp-json\/wp\/v2\/pages"}],"about":[{"href":"https:\/\/www.visitkranj.com\/de\/wp-json\/wp\/v2\/types\/page"}],"author":[{"embeddable":true,"href":"https:\/\/www.visitkranj.com\/de\/wp-json\/wp\/v2\/users\/3"}],"replies":[{"embeddable":true,"href":"https:\/\/www.visitkranj.com\/de\/wp-json\/wp\/v2\/comments?post=17450"}],"version-history":[{"count":0,"href":"https:\/\/www.visitkranj.com\/de\/wp-json\/wp\/v2\/pages\/17450\/revisions"}],"up":[{"embeddable":true,"href":"https:\/\/www.visitkranj.com\/de\/wp-json\/wp\/v2\/pages\/17400"}],"wp:attachment":[{"href":"https:\/\/www.visitkranj.com\/de\/wp-json\/wp\/v2\/media?parent=17450"}],"curies":[{"name":"wp","href":"https:\/\/api.w.org\/{rel}","templated":true}]}}