{"id":19259,"date":"2023-05-14T14:40:13","date_gmt":"2023-05-14T13:40:13","guid":{"rendered":"https:\/\/www.visitkranj.com\/gruene-destination\/"},"modified":"2026-03-23T12:01:51","modified_gmt":"2026-03-23T11:01:51","slug":"gruene-destination","status":"publish","type":"page","link":"https:\/\/www.visitkranj.com\/de\/gruene-destination\/","title":{"rendered":"Gr\u00fcne Destination"},"content":{"rendered":"\r\n<figure class=\"wp-block-image size-large\"><img fetchpriority=\"high\" decoding=\"async\" width=\"1024\" height=\"161\" class=\"wp-image-5564\" src=\"https:\/\/www.visitkranj.com\/wp-content\/uploads\/2023\/05\/pasica-zelena-destinacija-1455x229-vk-2023-1024x161.jpg\" alt=\"\" srcset=\"https:\/\/www.visitkranj.com\/wp-content\/uploads\/2023\/05\/pasica-zelena-destinacija-1455x229-vk-2023-1024x161.jpg 1024w, https:\/\/www.visitkranj.com\/wp-content\/uploads\/2023\/05\/pasica-zelena-destinacija-1455x229-vk-2023-300x47.jpg 300w, https:\/\/www.visitkranj.com\/wp-content\/uploads\/2023\/05\/pasica-zelena-destinacija-1455x229-vk-2023-768x121.jpg 768w, https:\/\/www.visitkranj.com\/wp-content\/uploads\/2023\/05\/pasica-zelena-destinacija-1455x229-vk-2023.jpg 1455w\" sizes=\"(max-width: 1024px) 100vw, 1024px\" \/><\/figure>\r\n\r\n\r\n\r\n<h2 class=\"wp-block-heading\">Kranj erh\u00e4lt Platinum-Label als Gr\u00fcne Destination in Slowenien<\/h2>\r\n\r\n\r\n\r\n<p>Die Gemeinde Kranj ist im Jahr 2020 dem slowenischen Schema f\u00fcr gr\u00fcnen Tourismus beigetreten mit dem Ziel, dieses international anerkannte Instrument f\u00fcr die Entwicklung gr\u00fcner Reiseziele zu nutzen, um ein nachhaltiges Tourismusmodell zu schaffen, das die nat\u00fcrlichen, sozialen und kulturellen Potenziale aufwertet und sie in das einzigartige Angebot des Reiseziels Kranj integriert. Im Jahr 2021 wurde das Reiseziel mit dem Label Slovenia Green Destination \u2013 Gold ausgezeichnet. Nach der Verleihung des G\u00fctesiegels erstellte das Gr\u00fcne Team einen Aktionsplan f\u00fcr den Zeitraum 2021\u20132023, der als Leitfaden und Grundlage f\u00fcr die weitere Arbeit sowie f\u00fcr die Aufrechterhaltung und Verbesserung des Labels dient.<\/p>\r\n\r\n\r\n\r\n<p>Im Jahr 2022 arbeiteten die Gemeinde und das Kranjer Amt f\u00fcr Tourismus und Kultur (ZTKK) aktiv an der Verbesserung, um die Kriterien f\u00fcr das anspruchsvollere Niveau des Labels zu erf\u00fcllen. Im Januar 2023 wurde dann Kranj mit dem Label <a href=\"https:\/\/www.visitkranj.com\/de\/nachrichten\/die-stadt-kranj-wurde-im-rahmen-des-slowenischen-programms-fuer-gruenen-tourismus-mit-dem-platinum-label-fuer-gruene-reiseziele-ausgezeichnet\/\" target=\"_blank\" rel=\"noopener\">\u201eSlovenia Green Destination \u2013 Platinum\u201c ausgezeichnet.<\/a><\/p>\r\n\r\n\r\n\r\n<p>Der Prozess zur Erlangung des Zeichens wurde vom Gr\u00fcnen-Team geleitet, dem 21 Mitglieder aus verschiedenen Institutionen sowie der Gr\u00fcnen-Koordinatorin Tamara Mar\u017ei\u010d von ZTKK angeh\u00f6ren. Die Labels, die eine Destination erhalten kann, sind Bronze, Silber, Gold und Platinum. Kranj ist das f\u00fcnfte slowenische Reiseziel, das mit dem Platinum-Label ausgezeichnet wurde, das nachhaltige und umweltfreundliche Ma\u00dfnahmen in verschiedenen Bereichen, nicht nur im Tourismus, w\u00fcrdigt. Dazu geh\u00f6ren der Umweltschutz, der Schutz des Natur- und Kulturerbes, die Zusammenarbeit mit Anbietern und Einwohnern, die Verbesserung der Lebensqualit\u00e4t der Einwohner usw. Unser Bem\u00fchen um dieses Label ist auch eine Verpflichtung, diese Ausrichtung in Kranj in Zukunft fortzusetzen. Die Vision der Stadt als Reiseziels ist, dass Kranj eine saubere, gesunde und sichere Stadt ist und bleiben wird. Daher sind auch unsere B\u00fcrger aufgefordert, sich an diesen Bem\u00fchungen zu beteiligen.<\/p>\r\n\r\n\r\n\r\n<p>Durch die Verleihung des Platinum-Labels wird das Reiseziel Kranj und seine nachhaltigen Aktivit\u00e4ten noch mehr in den Vordergrund r\u00fccken, die Stadt wird in viele Werbema\u00dfnahmen des Slowenischen Fremdenverkehrsamtes (STB) einbezogen und erh\u00e4lt Zugang zu Daten f\u00fcr die weitere Arbeit und Entwicklung.<\/p>\r\n\r\n\r\n\r\n<p>Der n\u00e4chste Schritt ist die Umsetzung der im Rahmen des Aktionsplans 2021\u20132023 beschlossenen Ma\u00dfnahmen und die Ausarbeitung eines neuen Aktionsplans 2024\u20132026, der die Erhaltung dieses wichtigen Labels im Rahmen des Gr\u00fcnen Schemas f\u00fcr den slowenischen Tourismus, Slovenia Green Destination Platinum, beinhalten soll.<\/p>\r\n<p>\r\n\r\n<\/p>\r\n<hr class=\"wp-block-separator has-alpha-channel-opacity\" \/>\r\n<p>\r\n\r\n<\/p>\r\n<h2 class=\"wp-block-heading\"><br \/>Empf\u00e4nger des Labels Slovenia Green<\/h2>\r\n<p>\u2192 Kulinarik: <a href=\"https:\/\/koncovc.si\/\" target=\"_blank\" rel=\"noopener\"><strong>Pr&#8216; Kon\u010dovc<\/strong><\/a><br \/>\u2192 Unterkunft: <a href=\"https:\/\/brdo.si\/en\/objekti\/brdo-estate\/\" target=\"_blank\" rel=\"noopener\"><strong>Anwesen Brdo<\/strong><\/a>, <a href=\"https:\/\/www.visitkranj.com\/de\/unterkuenfte\/boutique-hotel-actum\/\"><strong>Boutique Hotel Actum<\/strong><\/a><br \/>\u2192 Sehensw\u00fcrdigkeit: <a href=\"https:\/\/www.visitkranj.com\/de\/ausfluege-und-touren\/schaechte-unter-der-altstadt-von-kranj\/\"><strong>Stollen unter der Altstadt von Kranj<\/strong><\/a><br \/>\u2192 Kongresszentrum: <a href=\"https:\/\/brdo.si\/en\/objekti\/congress-center-brdo\/\" target=\"_blank\" rel=\"noopener\"><strong>Kongresszentrum Brdo<\/strong><\/a><\/p>\r\n","protected":false},"excerpt":{"rendered":"<p>Kranj erh\u00e4lt Platinum-Label als Gr\u00fcne Destination in Slowenien Die Gemeinde Kranj ist im Jahr 2020 dem slowenischen Schema f\u00fcr gr\u00fcnen Tourismus beigetreten mit dem Ziel, dieses international anerkannte Instrument f\u00fcr die Entwicklung gr\u00fcner Reiseziele zu nutzen, um ein nachhaltiges Tourismusmodell zu schaffen, das die nat\u00fcrlichen, sozialen und kulturellen Potenziale aufwertet und sie in das einzigartige [&hellip;]<\/p>\n","protected":false},"author":2,"featured_media":16998,"parent":0,"menu_order":0,"comment_status":"closed","ping_status":"closed","template":"","meta":{"footnotes":""},"class_list":["post-19259","page","type-page","status-publish","has-post-thumbnail","hentry"],"yoast_head":"<!-- This site is optimized with the Yoast SEO plugin v26.9 - https:\/\/yoast.com\/product\/yoast-seo-wordpress\/ -->\n<title>Gr\u00fcne Destination - Visit Kranj<\/title>\n<meta name=\"description\" content=\"Entdecken Sie Kranj als gr\u00fcnes Reiseziel, wo Natur und nachhaltiges Leben miteinander verschmelzen. Entdecken Sie wundersch\u00f6ne Naturparks und Gr\u00fcnfl\u00e4chen.\" \/>\n<meta name=\"robots\" content=\"index, follow, max-snippet:-1, max-image-preview:large, max-video-preview:-1\" \/>\n<link rel=\"canonical\" href=\"https:\/\/www.visitkranj.com\/de\/gruene-destination\/\" \/>\n<meta property=\"og:locale\" content=\"de_DE\" \/>\n<meta property=\"og:type\" content=\"article\" \/>\n<meta property=\"og:title\" content=\"Gr\u00fcne Destination - Visit Kranj\" \/>\n<meta property=\"og:description\" content=\"Entdecken Sie Kranj als gr\u00fcnes Reiseziel, wo Natur und nachhaltiges Leben miteinander verschmelzen. Entdecken Sie wundersch\u00f6ne Naturparks und Gr\u00fcnfl\u00e4chen.\" \/>\n<meta property=\"og:url\" content=\"https:\/\/www.visitkranj.com\/de\/gruene-destination\/\" \/>\n<meta property=\"og:site_name\" content=\"Visit Kranj\" \/>\n<meta property=\"article:publisher\" content=\"https:\/\/www.facebook.com\/VisitKranj\/\" \/>\n<meta property=\"article:modified_time\" content=\"2026-03-23T11:01:51+00:00\" \/>\n<meta property=\"og:image\" content=\"https:\/\/www.visitkranj.com\/wp-content\/uploads\/2023\/05\/Kranj-Zelena-Destinacija_Visit-Kranj.w1170h400c.jpg\" \/>\n\t<meta property=\"og:image:width\" content=\"1170\" \/>\n\t<meta property=\"og:image:height\" content=\"400\" \/>\n\t<meta property=\"og:image:type\" content=\"image\/jpeg\" \/>\n<meta name=\"twitter:card\" content=\"summary_large_image\" \/>\n<meta name=\"twitter:label1\" content=\"Gesch\u00e4tzte Lesezeit\" \/>\n\t<meta name=\"twitter:data1\" content=\"3\u00a0Minuten\" \/>\n<script type=\"application\/ld+json\" class=\"yoast-schema-graph\">{\"@context\":\"https:\/\/schema.org\",\"@graph\":[{\"@type\":\"WebPage\",\"@id\":\"https:\/\/www.visitkranj.com\/de\/gruene-destination\/\",\"url\":\"https:\/\/www.visitkranj.com\/de\/gruene-destination\/\",\"name\":\"Gr\u00fcne Destination - Visit Kranj\",\"isPartOf\":{\"@id\":\"https:\/\/www.visitkranj.com\/de\/#website\"},\"primaryImageOfPage\":{\"@id\":\"https:\/\/www.visitkranj.com\/de\/gruene-destination\/#primaryimage\"},\"image\":{\"@id\":\"https:\/\/www.visitkranj.com\/de\/gruene-destination\/#primaryimage\"},\"thumbnailUrl\":\"https:\/\/www.visitkranj.com\/wp-content\/uploads\/2023\/05\/Kranj-Zelena-Destinacija_Visit-Kranj.w1170h400c.jpg\",\"datePublished\":\"2023-05-14T13:40:13+00:00\",\"dateModified\":\"2026-03-23T11:01:51+00:00\",\"description\":\"Entdecken Sie Kranj als gr\u00fcnes Reiseziel, wo Natur und nachhaltiges Leben miteinander verschmelzen. Entdecken Sie wundersch\u00f6ne Naturparks und Gr\u00fcnfl\u00e4chen.\",\"breadcrumb\":{\"@id\":\"https:\/\/www.visitkranj.com\/de\/gruene-destination\/#breadcrumb\"},\"inLanguage\":\"de\",\"potentialAction\":[{\"@type\":\"ReadAction\",\"target\":[\"https:\/\/www.visitkranj.com\/de\/gruene-destination\/\"]}]},{\"@type\":\"ImageObject\",\"inLanguage\":\"de\",\"@id\":\"https:\/\/www.visitkranj.com\/de\/gruene-destination\/#primaryimage\",\"url\":\"https:\/\/www.visitkranj.com\/wp-content\/uploads\/2023\/05\/Kranj-Zelena-Destinacija_Visit-Kranj.w1170h400c.jpg\",\"contentUrl\":\"https:\/\/www.visitkranj.com\/wp-content\/uploads\/2023\/05\/Kranj-Zelena-Destinacija_Visit-Kranj.w1170h400c.jpg\",\"width\":1170,\"height\":400},{\"@type\":\"BreadcrumbList\",\"@id\":\"https:\/\/www.visitkranj.com\/de\/gruene-destination\/#breadcrumb\",\"itemListElement\":[{\"@type\":\"ListItem\",\"position\":1,\"name\":\"Start\",\"item\":\"https:\/\/www.visitkranj.com\/de\/\"},{\"@type\":\"ListItem\",\"position\":2,\"name\":\"Gr\u00fcne Destination\"}]},{\"@type\":\"WebSite\",\"@id\":\"https:\/\/www.visitkranj.com\/de\/#website\",\"url\":\"https:\/\/www.visitkranj.com\/de\/\",\"name\":\"Visit Kranj\",\"description\":\"Uradna spletna stran turizma Kranj\",\"publisher\":{\"@id\":\"https:\/\/www.visitkranj.com\/de\/#organization\"},\"potentialAction\":[{\"@type\":\"SearchAction\",\"target\":{\"@type\":\"EntryPoint\",\"urlTemplate\":\"https:\/\/www.visitkranj.com\/de\/?s={search_term_string}\"},\"query-input\":{\"@type\":\"PropertyValueSpecification\",\"valueRequired\":true,\"valueName\":\"search_term_string\"}}],\"inLanguage\":\"de\"},{\"@type\":\"Organization\",\"@id\":\"https:\/\/www.visitkranj.com\/de\/#organization\",\"name\":\"Zavod za turizem in kulturo Kranj\",\"url\":\"https:\/\/www.visitkranj.com\/de\/\",\"logo\":{\"@type\":\"ImageObject\",\"inLanguage\":\"de\",\"@id\":\"https:\/\/www.visitkranj.com\/de\/#\/schema\/logo\/image\/\",\"url\":\"https:\/\/www.visitkranj.com\/wp-content\/uploads\/2022\/11\/logo_menu_small.png\",\"contentUrl\":\"https:\/\/www.visitkranj.com\/wp-content\/uploads\/2022\/11\/logo_menu_small.png\",\"width\":142,\"height\":142,\"caption\":\"Zavod za turizem in kulturo Kranj\"},\"image\":{\"@id\":\"https:\/\/www.visitkranj.com\/de\/#\/schema\/logo\/image\/\"},\"sameAs\":[\"https:\/\/www.facebook.com\/VisitKranj\/\",\"https:\/\/www.instagram.com\/visitkranj\/\",\"https:\/\/www.tripadvisor.com\/Attraction_Review-g644300-d7289577-Reviews-Tourist_Information_Centre_Kranj_House-Kranj_Upper_Carniola_Region.html\"]}]}<\/script>\n<!-- \/ Yoast SEO plugin. -->","yoast_head_json":{"title":"Gr\u00fcne Destination - Visit Kranj","description":"Entdecken Sie Kranj als gr\u00fcnes Reiseziel, wo Natur und nachhaltiges Leben miteinander verschmelzen. Entdecken Sie wundersch\u00f6ne Naturparks und Gr\u00fcnfl\u00e4chen.","robots":{"index":"index","follow":"follow","max-snippet":"max-snippet:-1","max-image-preview":"max-image-preview:large","max-video-preview":"max-video-preview:-1"},"canonical":"https:\/\/www.visitkranj.com\/de\/gruene-destination\/","og_locale":"de_DE","og_type":"article","og_title":"Gr\u00fcne Destination - Visit Kranj","og_description":"Entdecken Sie Kranj als gr\u00fcnes Reiseziel, wo Natur und nachhaltiges Leben miteinander verschmelzen. Entdecken Sie wundersch\u00f6ne Naturparks und Gr\u00fcnfl\u00e4chen.","og_url":"https:\/\/www.visitkranj.com\/de\/gruene-destination\/","og_site_name":"Visit Kranj","article_publisher":"https:\/\/www.facebook.com\/VisitKranj\/","article_modified_time":"2026-03-23T11:01:51+00:00","og_image":[{"width":1170,"height":400,"url":"https:\/\/www.visitkranj.com\/wp-content\/uploads\/2023\/05\/Kranj-Zelena-Destinacija_Visit-Kranj.w1170h400c.jpg","type":"image\/jpeg"}],"twitter_card":"summary_large_image","twitter_misc":{"Gesch\u00e4tzte Lesezeit":"3\u00a0Minuten"},"schema":{"@context":"https:\/\/schema.org","@graph":[{"@type":"WebPage","@id":"https:\/\/www.visitkranj.com\/de\/gruene-destination\/","url":"https:\/\/www.visitkranj.com\/de\/gruene-destination\/","name":"Gr\u00fcne Destination - Visit Kranj","isPartOf":{"@id":"https:\/\/www.visitkranj.com\/de\/#website"},"primaryImageOfPage":{"@id":"https:\/\/www.visitkranj.com\/de\/gruene-destination\/#primaryimage"},"image":{"@id":"https:\/\/www.visitkranj.com\/de\/gruene-destination\/#primaryimage"},"thumbnailUrl":"https:\/\/www.visitkranj.com\/wp-content\/uploads\/2023\/05\/Kranj-Zelena-Destinacija_Visit-Kranj.w1170h400c.jpg","datePublished":"2023-05-14T13:40:13+00:00","dateModified":"2026-03-23T11:01:51+00:00","description":"Entdecken Sie Kranj als gr\u00fcnes Reiseziel, wo Natur und nachhaltiges Leben miteinander verschmelzen. Entdecken Sie wundersch\u00f6ne Naturparks und Gr\u00fcnfl\u00e4chen.","breadcrumb":{"@id":"https:\/\/www.visitkranj.com\/de\/gruene-destination\/#breadcrumb"},"inLanguage":"de","potentialAction":[{"@type":"ReadAction","target":["https:\/\/www.visitkranj.com\/de\/gruene-destination\/"]}]},{"@type":"ImageObject","inLanguage":"de","@id":"https:\/\/www.visitkranj.com\/de\/gruene-destination\/#primaryimage","url":"https:\/\/www.visitkranj.com\/wp-content\/uploads\/2023\/05\/Kranj-Zelena-Destinacija_Visit-Kranj.w1170h400c.jpg","contentUrl":"https:\/\/www.visitkranj.com\/wp-content\/uploads\/2023\/05\/Kranj-Zelena-Destinacija_Visit-Kranj.w1170h400c.jpg","width":1170,"height":400},{"@type":"BreadcrumbList","@id":"https:\/\/www.visitkranj.com\/de\/gruene-destination\/#breadcrumb","itemListElement":[{"@type":"ListItem","position":1,"name":"Start","item":"https:\/\/www.visitkranj.com\/de\/"},{"@type":"ListItem","position":2,"name":"Gr\u00fcne Destination"}]},{"@type":"WebSite","@id":"https:\/\/www.visitkranj.com\/de\/#website","url":"https:\/\/www.visitkranj.com\/de\/","name":"Visit Kranj","description":"Uradna spletna stran turizma Kranj","publisher":{"@id":"https:\/\/www.visitkranj.com\/de\/#organization"},"potentialAction":[{"@type":"SearchAction","target":{"@type":"EntryPoint","urlTemplate":"https:\/\/www.visitkranj.com\/de\/?s={search_term_string}"},"query-input":{"@type":"PropertyValueSpecification","valueRequired":true,"valueName":"search_term_string"}}],"inLanguage":"de"},{"@type":"Organization","@id":"https:\/\/www.visitkranj.com\/de\/#organization","name":"Zavod za turizem in kulturo Kranj","url":"https:\/\/www.visitkranj.com\/de\/","logo":{"@type":"ImageObject","inLanguage":"de","@id":"https:\/\/www.visitkranj.com\/de\/#\/schema\/logo\/image\/","url":"https:\/\/www.visitkranj.com\/wp-content\/uploads\/2022\/11\/logo_menu_small.png","contentUrl":"https:\/\/www.visitkranj.com\/wp-content\/uploads\/2022\/11\/logo_menu_small.png","width":142,"height":142,"caption":"Zavod za turizem in kulturo Kranj"},"image":{"@id":"https:\/\/www.visitkranj.com\/de\/#\/schema\/logo\/image\/"},"sameAs":["https:\/\/www.facebook.com\/VisitKranj\/","https:\/\/www.instagram.com\/visitkranj\/","https:\/\/www.tripadvisor.com\/Attraction_Review-g644300-d7289577-Reviews-Tourist_Information_Centre_Kranj_House-Kranj_Upper_Carniola_Region.html"]}]}},"_links":{"self":[{"href":"https:\/\/www.visitkranj.com\/de\/wp-json\/wp\/v2\/pages\/19259","targetHints":{"allow":["GET"]}}],"collection":[{"href":"https:\/\/www.visitkranj.com\/de\/wp-json\/wp\/v2\/pages"}],"about":[{"href":"https:\/\/www.visitkranj.com\/de\/wp-json\/wp\/v2\/types\/page"}],"author":[{"embeddable":true,"href":"https:\/\/www.visitkranj.com\/de\/wp-json\/wp\/v2\/users\/2"}],"replies":[{"embeddable":true,"href":"https:\/\/www.visitkranj.com\/de\/wp-json\/wp\/v2\/comments?post=19259"}],"version-history":[{"count":9,"href":"https:\/\/www.visitkranj.com\/de\/wp-json\/wp\/v2\/pages\/19259\/revisions"}],"predecessor-version":[{"id":1000412,"href":"https:\/\/www.visitkranj.com\/de\/wp-json\/wp\/v2\/pages\/19259\/revisions\/1000412"}],"wp:featuredmedia":[{"embeddable":true,"href":"https:\/\/www.visitkranj.com\/de\/wp-json\/wp\/v2\/media\/16998"}],"wp:attachment":[{"href":"https:\/\/www.visitkranj.com\/de\/wp-json\/wp\/v2\/media?parent=19259"}],"curies":[{"name":"wp","href":"https:\/\/api.w.org\/{rel}","templated":true}]}}