{"id":19263,"date":"2023-05-14T15:00:50","date_gmt":"2023-05-14T14:00:50","guid":{"rendered":"https:\/\/www.visitkranj.com\/?page_id=19263"},"modified":"2025-12-02T16:03:07","modified_gmt":"2025-12-02T15:03:07","slug":"forschung","status":"publish","type":"page","link":"https:\/\/www.visitkranj.com\/de\/gruene-destination\/forschung\/","title":{"rendered":"Forschung"},"content":{"rendered":"\r\n<figure class=\"wp-block-image size-large\"><img fetchpriority=\"high\" decoding=\"async\" width=\"1024\" height=\"161\" class=\"wp-image-5564\" src=\"https:\/\/www.visitkranj.com\/wp-content\/uploads\/2023\/05\/pasica-zelena-destinacija-1455x229-vk-2023-1024x161.jpg\" alt=\"\" srcset=\"https:\/\/www.visitkranj.com\/wp-content\/uploads\/2023\/05\/pasica-zelena-destinacija-1455x229-vk-2023-1024x161.jpg 1024w, https:\/\/www.visitkranj.com\/wp-content\/uploads\/2023\/05\/pasica-zelena-destinacija-1455x229-vk-2023-300x47.jpg 300w, https:\/\/www.visitkranj.com\/wp-content\/uploads\/2023\/05\/pasica-zelena-destinacija-1455x229-vk-2023-768x121.jpg 768w, https:\/\/www.visitkranj.com\/wp-content\/uploads\/2023\/05\/pasica-zelena-destinacija-1455x229-vk-2023.jpg 1455w\" sizes=\"(max-width: 1024px) 100vw, 1024px\" \/><\/figure>\r\n\r\n<p><strong>Marktforschung ist ein wichtiger Teil der Aufgaben einer Organisation, die sich mit Touristen im Reiseziel besch\u00e4ftigt. Die Ergebnisse k\u00f6nnen dann als Leitfaden f\u00fcr die weitere Entwicklung dienen und die Richtung aufzeigen, in die sich das Reiseziel entwickeln muss. Nachfolgend finden Sie die Ergebnisse einiger der j\u00fcngsten Umfragen.<\/strong><\/p>\r\n<!-- \/wp:post-content -->\r\n\r\n<!-- wp:heading -->\r\n<h2 class=\"wp-block-heading\"><strong>Gr\u00fcne Umfrage in Slowenien<\/strong><\/h2>\r\n<!-- \/wp:heading -->\r\n\r\n<!-- wp:paragraph -->\r\n<p>Das Amt f\u00fcr Tourismus und Kultur f\u00fchrt eine Umfrage zum nachhaltigen Tourismus in Kranj durch. Wir sind an der Zufriedenheit von Besuchern und Einwohnern interessiert und m\u00f6chten auch ein Feedback \u00fcber die Nachhaltigkeitsleistung der Tourismusbranche erhalten. Zu diesem Zweck haben wir Frageb\u00f6gen f\u00fcr die Umfrage erstellt. Wir bitten Sie, sich ein paar Minuten Zeit zu nehmen und diese auszuf\u00fcllen, damit Sie zu einer besseren Entwicklung des nachhaltigen Tourismus in Kranj beitragen k\u00f6nnen:<\/p>\r\n<!-- \/wp:paragraph -->\r\n\r\n<!-- wp:list -->\r\n<ul><!-- wp:list-item -->\r\n<li><a href=\"https:\/\/www.1ka.si\/a\/4bd55e47\" target=\"_blank\" rel=\"noopener\">Besucher<\/a>.<\/li>\r\n<!-- \/wp:list-item -->\r\n\r\n<!-- wp:list-item \/--><\/ul>\r\n<!-- \/wp:list -->\r\n\r\n<!-- wp:paragraph -->\r\n<p><br \/>Herzlichen Dank f\u00fcr Ihre Teilnahme!<\/p>\r\n<!-- \/wp:paragraph -->\r\n\r\n<!-- wp:separator --><hr class=\"wp-block-separator has-alpha-channel-opacity\" \/><!-- \/wp:separator -->\r\n<p>&nbsp;<\/p>\r\n<!-- wp:image {\"id\":5564,\"sizeSlug\":\"large\",\"linkDestination\":\"none\"} -->\r\n<figure class=\"wp-block-image size-large\"><\/figure>\r\n<!-- \/wp:image -->\r\n\r\n<!-- wp:separator -->\r\n<h2>Forschung<\/h2>\r\n<!-- \/wp:separator -->\r\n\r\n<!-- wp:list -->\r\n<ul><!-- wp:list-item -->\r\n<li>Nachhaltigkeitsbericht der Destination Kranj (2023, 2024)\u00a0&gt;&gt; <a href=\"https:\/\/www.visitkranj.com\/wp-content\/uploads\/2025\/12\/Visit-Kranj-trajnostno-porocilo-A4-2025-NEM.pdf\" target=\"_blank\" rel=\"noopener\">HIER<\/a><\/li>\r\n<li>Nachhaltigkeitsbericht des Reiseziel Kranj (2021, 2022) &gt;&gt; <a href=\"https:\/\/www.visitkranj.com\/wp-content\/uploads\/2024\/01\/visit-kranj-trajnostno-porocilo-nachhaltigkeitsbericht-2021-2022-de.pdf\" target=\"_blank\" rel=\"noopener\">HIER<\/a><\/li>\r\n<li>Bericht \u00fcber die Nachhtaltige Indikatoren in der Touristischen Destination Januar \u2013 November 2022 &gt;&gt; <a href=\"https:\/\/www.visitkranj.com\/wp-content\/uploads\/2024\/01\/visit-kranj-de-kranj-kazalniki-trenutno-stanje-de-2022.pdf\" target=\"_blank\" rel=\"noopener\">HIER<\/a><\/li>\r\n<li>Bericht \u00fcber die Nachhtaltige Indikatoren in der Touristischen Destination 2021 &gt;&gt; <a href=\"https:\/\/www.visitkranj.com\/wp-content\/uploads\/2024\/01\/kranj-kazalniki-trenutno-stanje-de-2021.pdf\" target=\"_blank\" rel=\"noopener\">HIER<\/a><\/li>\r\n<li>Bericht \u00fcber die Nachhaltigkeit im Reiseziel Kranj 2020 &gt;&gt;&gt; <a href=\"https:\/\/www.visitkranj.com\/wp-content\/uploads\/2024\/01\/Bericht-uber-die-Nachhaltigkeit-im-Reiseziel-Kranj_DE_Visit-Kranj.pdf\" target=\"_blank\" rel=\"noopener\">HIER<\/a><\/li>\r\n<li>Bericht \u00fcber Nachhaltige Indikatoren in der Touristischen Destination 2020 &gt;&gt; <a href=\"https:\/\/www.visitkranj.com\/wp-content\/uploads\/2024\/01\/Porocilo-o-trajnostnih-kazalnikih-A4-2020-NEM.pdf\" target=\"_blank\" rel=\"noopener\">HIER<\/a><\/li>\r\n<!-- \/wp:list-item --><\/ul>\r\n<!-- \/wp:list -->\r\n\r\n<!-- wp:separator -->\r\n<ul><!-- \/wp:separator --><\/ul>\r\n<!-- \/wp:list -->","protected":false},"excerpt":{"rendered":"<p>Marktforschung ist ein wichtiger Teil der Aufgaben einer Organisation, die sich mit Touristen im Reiseziel besch\u00e4ftigt. Die Ergebnisse k\u00f6nnen dann als Leitfaden f\u00fcr die weitere Entwicklung dienen und die Richtung aufzeigen, in die sich das Reiseziel entwickeln muss. Nachfolgend finden Sie die Ergebnisse einiger der j\u00fcngsten Umfragen. Gr\u00fcne Umfrage in Slowenien Das Amt f\u00fcr Tourismus [&hellip;]<\/p>\n","protected":false},"author":2,"featured_media":16998,"parent":19259,"menu_order":0,"comment_status":"closed","ping_status":"closed","template":"","meta":{"footnotes":""},"class_list":["post-19263","page","type-page","status-publish","has-post-thumbnail","hentry"],"yoast_head":"<!-- This site is optimized with the Yoast SEO plugin v26.9 - https:\/\/yoast.com\/product\/yoast-seo-wordpress\/ -->\n<title>Forschung - Visit Kranj<\/title>\n<meta name=\"description\" content=\"Entdecken Sie nachhaltigen Tourismus und gr\u00fcne Innovationen in Kranj. Entdecken Sie die Ergebnisse der neuesten Forschung.\" \/>\n<meta name=\"robots\" content=\"index, follow, max-snippet:-1, max-image-preview:large, max-video-preview:-1\" \/>\n<link rel=\"canonical\" href=\"https:\/\/www.visitkranj.com\/de\/gruene-destination\/forschung\/\" \/>\n<meta property=\"og:locale\" content=\"de_DE\" \/>\n<meta property=\"og:type\" content=\"article\" \/>\n<meta property=\"og:title\" content=\"Forschung - Visit Kranj\" \/>\n<meta property=\"og:description\" content=\"Entdecken Sie nachhaltigen Tourismus und gr\u00fcne Innovationen in Kranj. Entdecken Sie die Ergebnisse der neuesten Forschung.\" \/>\n<meta property=\"og:url\" content=\"https:\/\/www.visitkranj.com\/de\/gruene-destination\/forschung\/\" \/>\n<meta property=\"og:site_name\" content=\"Visit Kranj\" \/>\n<meta property=\"article:publisher\" content=\"https:\/\/www.facebook.com\/VisitKranj\/\" \/>\n<meta property=\"article:modified_time\" content=\"2025-12-02T15:03:07+00:00\" \/>\n<meta property=\"og:image\" content=\"https:\/\/www.visitkranj.com\/wp-content\/uploads\/2023\/05\/Kranj-Zelena-Destinacija_Visit-Kranj.w1170h400c.jpg\" \/>\n\t<meta property=\"og:image:width\" content=\"1170\" \/>\n\t<meta property=\"og:image:height\" content=\"400\" \/>\n\t<meta property=\"og:image:type\" content=\"image\/jpeg\" \/>\n<meta name=\"twitter:card\" content=\"summary_large_image\" \/>\n<meta name=\"twitter:label1\" content=\"Gesch\u00e4tzte Lesezeit\" \/>\n\t<meta name=\"twitter:data1\" content=\"2\u00a0Minuten\" \/>\n<script type=\"application\/ld+json\" class=\"yoast-schema-graph\">{\"@context\":\"https:\/\/schema.org\",\"@graph\":[{\"@type\":\"WebPage\",\"@id\":\"https:\/\/www.visitkranj.com\/de\/gruene-destination\/forschung\/\",\"url\":\"https:\/\/www.visitkranj.com\/de\/gruene-destination\/forschung\/\",\"name\":\"Forschung - Visit Kranj\",\"isPartOf\":{\"@id\":\"https:\/\/www.visitkranj.com\/de\/#website\"},\"primaryImageOfPage\":{\"@id\":\"https:\/\/www.visitkranj.com\/de\/gruene-destination\/forschung\/#primaryimage\"},\"image\":{\"@id\":\"https:\/\/www.visitkranj.com\/de\/gruene-destination\/forschung\/#primaryimage\"},\"thumbnailUrl\":\"https:\/\/www.visitkranj.com\/wp-content\/uploads\/2023\/05\/Kranj-Zelena-Destinacija_Visit-Kranj.w1170h400c.jpg\",\"datePublished\":\"2023-05-14T14:00:50+00:00\",\"dateModified\":\"2025-12-02T15:03:07+00:00\",\"description\":\"Entdecken Sie nachhaltigen Tourismus und gr\u00fcne Innovationen in Kranj. Entdecken Sie die Ergebnisse der neuesten Forschung.\",\"breadcrumb\":{\"@id\":\"https:\/\/www.visitkranj.com\/de\/gruene-destination\/forschung\/#breadcrumb\"},\"inLanguage\":\"de\",\"potentialAction\":[{\"@type\":\"ReadAction\",\"target\":[\"https:\/\/www.visitkranj.com\/de\/gruene-destination\/forschung\/\"]}]},{\"@type\":\"ImageObject\",\"inLanguage\":\"de\",\"@id\":\"https:\/\/www.visitkranj.com\/de\/gruene-destination\/forschung\/#primaryimage\",\"url\":\"https:\/\/www.visitkranj.com\/wp-content\/uploads\/2023\/05\/Kranj-Zelena-Destinacija_Visit-Kranj.w1170h400c.jpg\",\"contentUrl\":\"https:\/\/www.visitkranj.com\/wp-content\/uploads\/2023\/05\/Kranj-Zelena-Destinacija_Visit-Kranj.w1170h400c.jpg\",\"width\":1170,\"height\":400},{\"@type\":\"BreadcrumbList\",\"@id\":\"https:\/\/www.visitkranj.com\/de\/gruene-destination\/forschung\/#breadcrumb\",\"itemListElement\":[{\"@type\":\"ListItem\",\"position\":1,\"name\":\"Start\",\"item\":\"https:\/\/www.visitkranj.com\/de\/\"},{\"@type\":\"ListItem\",\"position\":2,\"name\":\"Gr\u00fcne Destination\",\"item\":\"https:\/\/www.visitkranj.com\/de\/gruene-destination\/\"},{\"@type\":\"ListItem\",\"position\":3,\"name\":\"Forschung\"}]},{\"@type\":\"WebSite\",\"@id\":\"https:\/\/www.visitkranj.com\/de\/#website\",\"url\":\"https:\/\/www.visitkranj.com\/de\/\",\"name\":\"Visit Kranj\",\"description\":\"Uradna spletna stran turizma Kranj\",\"publisher\":{\"@id\":\"https:\/\/www.visitkranj.com\/de\/#organization\"},\"potentialAction\":[{\"@type\":\"SearchAction\",\"target\":{\"@type\":\"EntryPoint\",\"urlTemplate\":\"https:\/\/www.visitkranj.com\/de\/?s={search_term_string}\"},\"query-input\":{\"@type\":\"PropertyValueSpecification\",\"valueRequired\":true,\"valueName\":\"search_term_string\"}}],\"inLanguage\":\"de\"},{\"@type\":\"Organization\",\"@id\":\"https:\/\/www.visitkranj.com\/de\/#organization\",\"name\":\"Zavod za turizem in kulturo Kranj\",\"url\":\"https:\/\/www.visitkranj.com\/de\/\",\"logo\":{\"@type\":\"ImageObject\",\"inLanguage\":\"de\",\"@id\":\"https:\/\/www.visitkranj.com\/de\/#\/schema\/logo\/image\/\",\"url\":\"https:\/\/www.visitkranj.com\/wp-content\/uploads\/2022\/11\/logo_menu_small.png\",\"contentUrl\":\"https:\/\/www.visitkranj.com\/wp-content\/uploads\/2022\/11\/logo_menu_small.png\",\"width\":142,\"height\":142,\"caption\":\"Zavod za turizem in kulturo Kranj\"},\"image\":{\"@id\":\"https:\/\/www.visitkranj.com\/de\/#\/schema\/logo\/image\/\"},\"sameAs\":[\"https:\/\/www.facebook.com\/VisitKranj\/\",\"https:\/\/www.instagram.com\/visitkranj\/\",\"https:\/\/www.tripadvisor.com\/Attraction_Review-g644300-d7289577-Reviews-Tourist_Information_Centre_Kranj_House-Kranj_Upper_Carniola_Region.html\"]}]}<\/script>\n<!-- \/ Yoast SEO plugin. -->","yoast_head_json":{"title":"Forschung - Visit Kranj","description":"Entdecken Sie nachhaltigen Tourismus und gr\u00fcne Innovationen in Kranj. Entdecken Sie die Ergebnisse der neuesten Forschung.","robots":{"index":"index","follow":"follow","max-snippet":"max-snippet:-1","max-image-preview":"max-image-preview:large","max-video-preview":"max-video-preview:-1"},"canonical":"https:\/\/www.visitkranj.com\/de\/gruene-destination\/forschung\/","og_locale":"de_DE","og_type":"article","og_title":"Forschung - Visit Kranj","og_description":"Entdecken Sie nachhaltigen Tourismus und gr\u00fcne Innovationen in Kranj. Entdecken Sie die Ergebnisse der neuesten Forschung.","og_url":"https:\/\/www.visitkranj.com\/de\/gruene-destination\/forschung\/","og_site_name":"Visit Kranj","article_publisher":"https:\/\/www.facebook.com\/VisitKranj\/","article_modified_time":"2025-12-02T15:03:07+00:00","og_image":[{"width":1170,"height":400,"url":"https:\/\/www.visitkranj.com\/wp-content\/uploads\/2023\/05\/Kranj-Zelena-Destinacija_Visit-Kranj.w1170h400c.jpg","type":"image\/jpeg"}],"twitter_card":"summary_large_image","twitter_misc":{"Gesch\u00e4tzte Lesezeit":"2\u00a0Minuten"},"schema":{"@context":"https:\/\/schema.org","@graph":[{"@type":"WebPage","@id":"https:\/\/www.visitkranj.com\/de\/gruene-destination\/forschung\/","url":"https:\/\/www.visitkranj.com\/de\/gruene-destination\/forschung\/","name":"Forschung - Visit Kranj","isPartOf":{"@id":"https:\/\/www.visitkranj.com\/de\/#website"},"primaryImageOfPage":{"@id":"https:\/\/www.visitkranj.com\/de\/gruene-destination\/forschung\/#primaryimage"},"image":{"@id":"https:\/\/www.visitkranj.com\/de\/gruene-destination\/forschung\/#primaryimage"},"thumbnailUrl":"https:\/\/www.visitkranj.com\/wp-content\/uploads\/2023\/05\/Kranj-Zelena-Destinacija_Visit-Kranj.w1170h400c.jpg","datePublished":"2023-05-14T14:00:50+00:00","dateModified":"2025-12-02T15:03:07+00:00","description":"Entdecken Sie nachhaltigen Tourismus und gr\u00fcne Innovationen in Kranj. Entdecken Sie die Ergebnisse der neuesten Forschung.","breadcrumb":{"@id":"https:\/\/www.visitkranj.com\/de\/gruene-destination\/forschung\/#breadcrumb"},"inLanguage":"de","potentialAction":[{"@type":"ReadAction","target":["https:\/\/www.visitkranj.com\/de\/gruene-destination\/forschung\/"]}]},{"@type":"ImageObject","inLanguage":"de","@id":"https:\/\/www.visitkranj.com\/de\/gruene-destination\/forschung\/#primaryimage","url":"https:\/\/www.visitkranj.com\/wp-content\/uploads\/2023\/05\/Kranj-Zelena-Destinacija_Visit-Kranj.w1170h400c.jpg","contentUrl":"https:\/\/www.visitkranj.com\/wp-content\/uploads\/2023\/05\/Kranj-Zelena-Destinacija_Visit-Kranj.w1170h400c.jpg","width":1170,"height":400},{"@type":"BreadcrumbList","@id":"https:\/\/www.visitkranj.com\/de\/gruene-destination\/forschung\/#breadcrumb","itemListElement":[{"@type":"ListItem","position":1,"name":"Start","item":"https:\/\/www.visitkranj.com\/de\/"},{"@type":"ListItem","position":2,"name":"Gr\u00fcne Destination","item":"https:\/\/www.visitkranj.com\/de\/gruene-destination\/"},{"@type":"ListItem","position":3,"name":"Forschung"}]},{"@type":"WebSite","@id":"https:\/\/www.visitkranj.com\/de\/#website","url":"https:\/\/www.visitkranj.com\/de\/","name":"Visit Kranj","description":"Uradna spletna stran turizma Kranj","publisher":{"@id":"https:\/\/www.visitkranj.com\/de\/#organization"},"potentialAction":[{"@type":"SearchAction","target":{"@type":"EntryPoint","urlTemplate":"https:\/\/www.visitkranj.com\/de\/?s={search_term_string}"},"query-input":{"@type":"PropertyValueSpecification","valueRequired":true,"valueName":"search_term_string"}}],"inLanguage":"de"},{"@type":"Organization","@id":"https:\/\/www.visitkranj.com\/de\/#organization","name":"Zavod za turizem in kulturo Kranj","url":"https:\/\/www.visitkranj.com\/de\/","logo":{"@type":"ImageObject","inLanguage":"de","@id":"https:\/\/www.visitkranj.com\/de\/#\/schema\/logo\/image\/","url":"https:\/\/www.visitkranj.com\/wp-content\/uploads\/2022\/11\/logo_menu_small.png","contentUrl":"https:\/\/www.visitkranj.com\/wp-content\/uploads\/2022\/11\/logo_menu_small.png","width":142,"height":142,"caption":"Zavod za turizem in kulturo Kranj"},"image":{"@id":"https:\/\/www.visitkranj.com\/de\/#\/schema\/logo\/image\/"},"sameAs":["https:\/\/www.facebook.com\/VisitKranj\/","https:\/\/www.instagram.com\/visitkranj\/","https:\/\/www.tripadvisor.com\/Attraction_Review-g644300-d7289577-Reviews-Tourist_Information_Centre_Kranj_House-Kranj_Upper_Carniola_Region.html"]}]}},"_links":{"self":[{"href":"https:\/\/www.visitkranj.com\/de\/wp-json\/wp\/v2\/pages\/19263","targetHints":{"allow":["GET"]}}],"collection":[{"href":"https:\/\/www.visitkranj.com\/de\/wp-json\/wp\/v2\/pages"}],"about":[{"href":"https:\/\/www.visitkranj.com\/de\/wp-json\/wp\/v2\/types\/page"}],"author":[{"embeddable":true,"href":"https:\/\/www.visitkranj.com\/de\/wp-json\/wp\/v2\/users\/2"}],"replies":[{"embeddable":true,"href":"https:\/\/www.visitkranj.com\/de\/wp-json\/wp\/v2\/comments?post=19263"}],"version-history":[{"count":7,"href":"https:\/\/www.visitkranj.com\/de\/wp-json\/wp\/v2\/pages\/19263\/revisions"}],"predecessor-version":[{"id":984994,"href":"https:\/\/www.visitkranj.com\/de\/wp-json\/wp\/v2\/pages\/19263\/revisions\/984994"}],"up":[{"embeddable":true,"href":"https:\/\/www.visitkranj.com\/de\/wp-json\/wp\/v2\/pages\/19259"}],"wp:featuredmedia":[{"embeddable":true,"href":"https:\/\/www.visitkranj.com\/de\/wp-json\/wp\/v2\/media\/16998"}],"wp:attachment":[{"href":"https:\/\/www.visitkranj.com\/de\/wp-json\/wp\/v2\/media?parent=19263"}],"curies":[{"name":"wp","href":"https:\/\/api.w.org\/{rel}","templated":true}]}}