{"id":295189,"date":"2024-01-17T10:06:52","date_gmt":"2024-01-17T09:06:52","guid":{"rendered":"https:\/\/www.visitkranj.com\/?page_id=295189"},"modified":"2025-02-12T15:47:47","modified_gmt":"2025-02-12T14:47:47","slug":"kulinarisches-trio-von-kranj","status":"publish","type":"page","link":"https:\/\/www.visitkranj.com\/de\/kulinarisches\/kulinarisches-trio-von-kranj\/","title":{"rendered":"Krainer Wurst, Bier und \u0160truklji"},"content":{"rendered":"\t\t<div data-elementor-type=\"wp-page\" data-elementor-id=\"295189\" class=\"elementor elementor-295189 elementor-295117\" data-elementor-post-type=\"page\">\n\t\t\t\t<div class=\"elementor-element elementor-element-024be09 e-con-full e-flex e-con e-parent\" data-id=\"024be09\" data-element_type=\"container\" data-e-type=\"container\" data-settings=\"{&quot;jet_parallax_layout_list&quot;:[]}\">\n\t\t<div class=\"elementor-element elementor-element-6f7a69f e-flex e-con-boxed e-con e-child\" data-id=\"6f7a69f\" data-element_type=\"container\" data-e-type=\"container\" data-settings=\"{&quot;background_background&quot;:&quot;classic&quot;,&quot;jet_parallax_layout_list&quot;:[]}\">\n\t\t\t\t\t<div class=\"e-con-inner\">\n\t\t\t\t\t<\/div>\n\t\t\t\t<\/div>\n\t\t\t\t<\/div>\n\t\t<div class=\"elementor-element elementor-element-a98322b e-flex e-con-boxed e-con e-parent\" data-id=\"a98322b\" data-element_type=\"container\" data-e-type=\"container\" data-settings=\"{&quot;background_background&quot;:&quot;classic&quot;,&quot;jet_parallax_layout_list&quot;:[]}\">\n\t\t\t\t\t<div class=\"e-con-inner\">\n\t\t<div class=\"elementor-element elementor-element-a2ca89e e-flex e-con-boxed e-con e-child\" data-id=\"a2ca89e\" data-element_type=\"container\" data-e-type=\"container\" data-settings=\"{&quot;background_background&quot;:&quot;classic&quot;,&quot;jet_parallax_layout_list&quot;:[]}\">\n\t\t\t\t\t<div class=\"e-con-inner\">\n\t\t\t\t<div class=\"elementor-element elementor-element-f8f8ebe elementor-widget elementor-widget-heading\" data-id=\"f8f8ebe\" data-element_type=\"widget\" data-e-type=\"widget\" data-widget_type=\"heading.default\">\n\t\t\t\t<div class=\"elementor-widget-container\">\n\t\t\t\t\t<h1 class=\"elementor-heading-title elementor-size-default\">Krainer Wurst, Bier und \u0160truklji<\/h1>\t\t\t\t<\/div>\n\t\t\t\t<\/div>\n\t\t\t\t<div class=\"elementor-element elementor-element-189e1e8 elementor-widget elementor-widget-text-editor\" data-id=\"189e1e8\" data-element_type=\"widget\" data-e-type=\"widget\" data-widget_type=\"text-editor.default\">\n\t\t\t\t<div class=\"elementor-widget-container\">\n\t\t\t\t\t\t\t\t\t<h3>In Gorenjska geht die <a href=\"https:\/\/www.visitkranj.com\/de\/kulinarisches\/\">Liebe durch den Magen<\/a> und in Kranj duftet es an jeder Ecke \u2013 nach knusprigem Brot, saftiger Wurst, guter Suppe oder s\u00fc\u00dfen K\u00f6stlichkeiten.<\/h3>\t\t\t\t\t\t\t\t<\/div>\n\t\t\t\t<\/div>\n\t\t\t\t<div class=\"elementor-element elementor-element-567fa1d elementor-widget elementor-widget-text-editor\" data-id=\"567fa1d\" data-element_type=\"widget\" data-e-type=\"widget\" data-widget_type=\"text-editor.default\">\n\t\t\t\t<div class=\"elementor-widget-container\">\n\t\t\t\t\t\t\t\t\t<p>Meisterk\u00f6che in Kranj bewahren die Tradition und erweitern sie mit moderner Kreativit\u00e4t. Sie suchen nach lokalen Zutaten und arbeiten mit lokalen Bauern zusammen, um den G\u00e4sten die f\u00fcr unsere Stadt typischen Aromen und Zutaten n\u00e4her zu bringen.<\/p><blockquote><p>Verpassen Sie nicht die Restaurants, die auch <a href=\"https:\/\/www.visitkranj.com\/de\/gourmet-erlebnisse\/\"><strong>traditionelle Gerichte<\/strong><\/a> anbieten!<\/p><\/blockquote><h2>Krainer Wurst<\/h2><p>Die Krainer Wurst ist eines der <strong>typischsten slowenischen Gerichte<\/strong>, das seinen Ursprung im Herzogtum Krain hat und auf eine interessante Geschichte zur\u00fcckblicken kann. Als sie dem <strong>Kaiser Franz Joseph<\/strong> auf seiner Durchreise durch die Region serviert wurde und der Gastwirt sich sch\u00e4mte, weil es kein spezielleres Gericht gab, sagte der Kaiser begeistert: \u201e<em>Das ist keine gew\u00f6hnliche Wurst, das ist die Krainer Wurst!<\/em>\u201c<\/p><p><img fetchpriority=\"high\" decoding=\"async\" class=\"alignnone size-full wp-image-295134\" src=\"https:\/\/www.visitkranj.com\/wp-content\/uploads\/2024\/01\/Kranjska-klobasa-Visit-Kranj-1.jpg\" alt=\"\" width=\"1024\" height=\"768\" srcset=\"https:\/\/www.visitkranj.com\/wp-content\/uploads\/2024\/01\/Kranjska-klobasa-Visit-Kranj-1.jpg 1024w, https:\/\/www.visitkranj.com\/wp-content\/uploads\/2024\/01\/Kranjska-klobasa-Visit-Kranj-1-300x225.jpg 300w, https:\/\/www.visitkranj.com\/wp-content\/uploads\/2024\/01\/Kranjska-klobasa-Visit-Kranj-1-768x576.jpg 768w\" sizes=\"(max-width: 1024px) 100vw, 1024px\" \/><\/p><h2>Bier von Kranj<\/h2><p>Heute passt die Krainer Wurst perfekt zum lokalen \u201e<strong>Kranjsko pivo<\/strong>\u201c, das in der <strong>Brauerei von Kranj<\/strong> gebraut und ausgeschenkt wird, man bekommt es aber auch in ausgew\u00e4hlten Gastst\u00e4tten in der Umgebung von Kranj. Das Bier wurde nach dem Herzogtum Krain benannt, als es <strong>1818<\/strong> erstmals gebraut wurde und hat seinen Namen fast 100 Jahre lang behalten. Dann verschwand es f\u00fcr fast ein Jahrhundert, aber mit der Er\u00f6ffnung der Brauerei und des Brauhauses Kranjska pivnica kam es endlich wieder zur\u00fcck.<\/p><p><img decoding=\"async\" class=\"alignnone size-full wp-image-295126\" src=\"https:\/\/www.visitkranj.com\/wp-content\/uploads\/2024\/01\/Kranjsko-pivo-Visit-Kranj.jpg\" alt=\"\" width=\"1024\" height=\"768\" srcset=\"https:\/\/www.visitkranj.com\/wp-content\/uploads\/2024\/01\/Kranjsko-pivo-Visit-Kranj.jpg 1024w, https:\/\/www.visitkranj.com\/wp-content\/uploads\/2024\/01\/Kranjsko-pivo-Visit-Kranj-300x225.jpg 300w, https:\/\/www.visitkranj.com\/wp-content\/uploads\/2024\/01\/Kranjsko-pivo-Visit-Kranj-768x576.jpg 768w\" sizes=\"(max-width: 1024px) 100vw, 1024px\" \/><\/p><h2>\u0160truklji nach Kranjer Art<\/h2><p>Sie sind ein Genuss f\u00fcr <strong>Schleckerm\u00e4uler<\/strong>, das auf der Zunge zerschmilzt. Diese k\u00f6stliche und einfache S\u00fc\u00dfspeise kann nach dem Rezept von <strong>Magdalena Knafelj Pleiweis<\/strong> aus dem Jahr <strong>1868<\/strong> auch selbst zubereiten.<\/p><p><img decoding=\"async\" class=\"alignnone size-full wp-image-295130\" src=\"https:\/\/www.visitkranj.com\/wp-content\/uploads\/2024\/01\/Kranjski-struklji-Visit-Kranj-1.jpg\" alt=\"\" width=\"1024\" height=\"768\" srcset=\"https:\/\/www.visitkranj.com\/wp-content\/uploads\/2024\/01\/Kranjski-struklji-Visit-Kranj-1.jpg 1024w, https:\/\/www.visitkranj.com\/wp-content\/uploads\/2024\/01\/Kranjski-struklji-Visit-Kranj-1-300x225.jpg 300w, https:\/\/www.visitkranj.com\/wp-content\/uploads\/2024\/01\/Kranjski-struklji-Visit-Kranj-1-768x576.jpg 768w\" sizes=\"(max-width: 1024px) 100vw, 1024px\" \/><\/p><h3>\u0160truklji nach Kranjer Art \u2013 Rezept von Magdalena Knafelj Pleiweis<\/h3><p><strong>Zutaten (f\u00fcr 8-10 Portionen):<\/strong><\/p><p><span style=\"text-decoration: underline;\">Teig<\/span>:<br \/>180 ml Milch<br \/>1 Ei<br \/>4 Essl\u00f6ffel Wei\u00dfmehl<br \/>ein wenig Salz<\/p><p><span style=\"text-decoration: underline;\">F\u00fcllung<\/span>:<br \/>2 Eigelb und 300 g Wei\u00dfmehl f\u00fcr den geriebenen Teig<br \/>530 ml Milch oder Sahne<br \/>1 geh\u00e4ufter Essl\u00f6ffel rohe Butter<br \/>5 Eigelb<br \/>1 Vanillezucker<br \/>1 Essl\u00f6ffel Zucker<br \/>steif geschlagene Sahne 4 Eiwei\u00df<br \/>Pflaumen- oder Aprikosenkonfit\u00fcre<\/p><p><span style=\"text-decoration: underline;\">Belag<\/span>:<br \/>250 ml saure Sahne<br \/>2 Eier<\/p><p><span style=\"text-decoration: underline;\">Zubereitung<\/span>:<br \/>Aus dem Teig etwas dickere Pfannkuchen backen. Dann mit den zwei Eigelb und 300 g Mehl etwas h\u00e4rteren Teig formen und ihn mit dem Reibeisen raspeln. Den geriebenen Teig in Milch oder Sahne kochen, bis er dickfl\u00fcssig wird, dann abk\u00fchlen und weiche Butter, geschlagenes Ei, steif geschlagene Eiwei\u00dfe und Marmelade hinzugeben. Mit dieser F\u00fcllung werden die Pfannkuchen bestrichen, gerollt, in drei St\u00fccke zerschnitten in Keramik-Sch\u00fcsseln gelegt und mit So\u00dfe \u00fcbergossen. 10 bis 15 Minuten bei 200 \u00b0C backen und hei\u00df servieren.<\/p><p style=\"text-align: center;\"><span style=\"color: #808080;\">Fotos von Miha Bratina und ZTKK<\/span><\/p>\t\t\t\t\t\t\t\t<\/div>\n\t\t\t\t<\/div>\n\t\t\t\t\t<\/div>\n\t\t\t\t<\/div>\n\t\t\t\t\t<\/div>\n\t\t\t\t<\/div>\n\t\t\t\t<\/div>\n\t\t","protected":false},"excerpt":{"rendered":"<p>Krainer Wurst, Bier und \u0160truklji In Gorenjska geht die Liebe durch den Magen und in Kranj duftet es an jeder Ecke \u2013 nach knusprigem Brot, saftiger Wurst, guter Suppe oder s\u00fc\u00dfen K\u00f6stlichkeiten. Meisterk\u00f6che in Kranj bewahren die Tradition und erweitern sie mit moderner Kreativit\u00e4t. Sie suchen nach lokalen Zutaten und arbeiten mit lokalen Bauern zusammen, [&hellip;]<\/p>\n","protected":false},"author":7,"featured_media":295140,"parent":17600,"menu_order":0,"comment_status":"closed","ping_status":"closed","template":"","meta":{"footnotes":""},"class_list":["post-295189","page","type-page","status-publish","has-post-thumbnail","hentry"],"yoast_head":"<!-- This site is optimized with the Yoast SEO plugin v26.9 - https:\/\/yoast.com\/product\/yoast-seo-wordpress\/ -->\n<title>Krainer Wurst, Bier und \u0160truklji - Visit Kranj<\/title>\n<meta name=\"robots\" content=\"index, follow, max-snippet:-1, max-image-preview:large, max-video-preview:-1\" \/>\n<link rel=\"canonical\" href=\"https:\/\/www.visitkranj.com\/de\/kulinarisches\/kulinarisches-trio-von-kranj\/\" \/>\n<meta property=\"og:locale\" content=\"de_DE\" \/>\n<meta property=\"og:type\" content=\"article\" \/>\n<meta property=\"og:title\" content=\"Krainer Wurst, Bier und \u0160truklji - Visit Kranj\" \/>\n<meta property=\"og:description\" content=\"Krainer Wurst, Bier und \u0160truklji In Gorenjska geht die Liebe durch den Magen und in Kranj duftet es an jeder Ecke \u2013 nach knusprigem Brot, saftiger Wurst, guter Suppe oder s\u00fc\u00dfen K\u00f6stlichkeiten. Meisterk\u00f6che in Kranj bewahren die Tradition und erweitern sie mit moderner Kreativit\u00e4t. Sie suchen nach lokalen Zutaten und arbeiten mit lokalen Bauern zusammen, [&hellip;]\" \/>\n<meta property=\"og:url\" content=\"https:\/\/www.visitkranj.com\/de\/kulinarisches\/kulinarisches-trio-von-kranj\/\" \/>\n<meta property=\"og:site_name\" content=\"Visit Kranj\" \/>\n<meta property=\"article:publisher\" content=\"https:\/\/www.facebook.com\/VisitKranj\/\" \/>\n<meta property=\"article:modified_time\" content=\"2025-02-12T14:47:47+00:00\" \/>\n<meta property=\"og:image\" content=\"https:\/\/www.visitkranj.com\/wp-content\/uploads\/2024\/01\/Kranjski-kulinaricni-trio_visit-kranj_JAN-2024.jpg\" \/>\n\t<meta property=\"og:image:width\" content=\"1334\" \/>\n\t<meta property=\"og:image:height\" content=\"873\" \/>\n\t<meta property=\"og:image:type\" content=\"image\/jpeg\" \/>\n<meta name=\"twitter:card\" content=\"summary_large_image\" \/>\n<meta name=\"twitter:label1\" content=\"Gesch\u00e4tzte Lesezeit\" \/>\n\t<meta name=\"twitter:data1\" content=\"3\u00a0Minuten\" \/>\n<script type=\"application\/ld+json\" class=\"yoast-schema-graph\">{\"@context\":\"https:\/\/schema.org\",\"@graph\":[{\"@type\":\"WebPage\",\"@id\":\"https:\/\/www.visitkranj.com\/de\/kulinarisches\/kulinarisches-trio-von-kranj\/\",\"url\":\"https:\/\/www.visitkranj.com\/de\/kulinarisches\/kulinarisches-trio-von-kranj\/\",\"name\":\"Krainer Wurst, Bier und \u0160truklji - Visit Kranj\",\"isPartOf\":{\"@id\":\"https:\/\/www.visitkranj.com\/de\/#website\"},\"primaryImageOfPage\":{\"@id\":\"https:\/\/www.visitkranj.com\/de\/kulinarisches\/kulinarisches-trio-von-kranj\/#primaryimage\"},\"image\":{\"@id\":\"https:\/\/www.visitkranj.com\/de\/kulinarisches\/kulinarisches-trio-von-kranj\/#primaryimage\"},\"thumbnailUrl\":\"https:\/\/www.visitkranj.com\/wp-content\/uploads\/2024\/01\/Kranjski-kulinaricni-trio_visit-kranj_JAN-2024.jpg\",\"datePublished\":\"2024-01-17T09:06:52+00:00\",\"dateModified\":\"2025-02-12T14:47:47+00:00\",\"breadcrumb\":{\"@id\":\"https:\/\/www.visitkranj.com\/de\/kulinarisches\/kulinarisches-trio-von-kranj\/#breadcrumb\"},\"inLanguage\":\"de\",\"potentialAction\":[{\"@type\":\"ReadAction\",\"target\":[\"https:\/\/www.visitkranj.com\/de\/kulinarisches\/kulinarisches-trio-von-kranj\/\"]}]},{\"@type\":\"ImageObject\",\"inLanguage\":\"de\",\"@id\":\"https:\/\/www.visitkranj.com\/de\/kulinarisches\/kulinarisches-trio-von-kranj\/#primaryimage\",\"url\":\"https:\/\/www.visitkranj.com\/wp-content\/uploads\/2024\/01\/Kranjski-kulinaricni-trio_visit-kranj_JAN-2024.jpg\",\"contentUrl\":\"https:\/\/www.visitkranj.com\/wp-content\/uploads\/2024\/01\/Kranjski-kulinaricni-trio_visit-kranj_JAN-2024.jpg\",\"width\":1334,\"height\":873},{\"@type\":\"BreadcrumbList\",\"@id\":\"https:\/\/www.visitkranj.com\/de\/kulinarisches\/kulinarisches-trio-von-kranj\/#breadcrumb\",\"itemListElement\":[{\"@type\":\"ListItem\",\"position\":1,\"name\":\"Start\",\"item\":\"https:\/\/www.visitkranj.com\/de\/\"},{\"@type\":\"ListItem\",\"position\":2,\"name\":\"Kulinarisches\",\"item\":\"https:\/\/www.visitkranj.com\/de\/kulinarika\/\"},{\"@type\":\"ListItem\",\"position\":3,\"name\":\"Krainer Wurst, Bier und \u0160truklji\"}]},{\"@type\":\"WebSite\",\"@id\":\"https:\/\/www.visitkranj.com\/de\/#website\",\"url\":\"https:\/\/www.visitkranj.com\/de\/\",\"name\":\"Visit Kranj\",\"description\":\"Uradna spletna stran turizma Kranj\",\"publisher\":{\"@id\":\"https:\/\/www.visitkranj.com\/de\/#organization\"},\"potentialAction\":[{\"@type\":\"SearchAction\",\"target\":{\"@type\":\"EntryPoint\",\"urlTemplate\":\"https:\/\/www.visitkranj.com\/de\/?s={search_term_string}\"},\"query-input\":{\"@type\":\"PropertyValueSpecification\",\"valueRequired\":true,\"valueName\":\"search_term_string\"}}],\"inLanguage\":\"de\"},{\"@type\":\"Organization\",\"@id\":\"https:\/\/www.visitkranj.com\/de\/#organization\",\"name\":\"Zavod za turizem in kulturo Kranj\",\"url\":\"https:\/\/www.visitkranj.com\/de\/\",\"logo\":{\"@type\":\"ImageObject\",\"inLanguage\":\"de\",\"@id\":\"https:\/\/www.visitkranj.com\/de\/#\/schema\/logo\/image\/\",\"url\":\"https:\/\/www.visitkranj.com\/wp-content\/uploads\/2022\/11\/logo_menu_small.png\",\"contentUrl\":\"https:\/\/www.visitkranj.com\/wp-content\/uploads\/2022\/11\/logo_menu_small.png\",\"width\":142,\"height\":142,\"caption\":\"Zavod za turizem in kulturo Kranj\"},\"image\":{\"@id\":\"https:\/\/www.visitkranj.com\/de\/#\/schema\/logo\/image\/\"},\"sameAs\":[\"https:\/\/www.facebook.com\/VisitKranj\/\",\"https:\/\/www.instagram.com\/visitkranj\/\",\"https:\/\/www.tripadvisor.com\/Attraction_Review-g644300-d7289577-Reviews-Tourist_Information_Centre_Kranj_House-Kranj_Upper_Carniola_Region.html\"]}]}<\/script>\n<!-- \/ Yoast SEO plugin. -->","yoast_head_json":{"title":"Krainer Wurst, Bier und \u0160truklji - Visit Kranj","robots":{"index":"index","follow":"follow","max-snippet":"max-snippet:-1","max-image-preview":"max-image-preview:large","max-video-preview":"max-video-preview:-1"},"canonical":"https:\/\/www.visitkranj.com\/de\/kulinarisches\/kulinarisches-trio-von-kranj\/","og_locale":"de_DE","og_type":"article","og_title":"Krainer Wurst, Bier und \u0160truklji - Visit Kranj","og_description":"Krainer Wurst, Bier und \u0160truklji In Gorenjska geht die Liebe durch den Magen und in Kranj duftet es an jeder Ecke \u2013 nach knusprigem Brot, saftiger Wurst, guter Suppe oder s\u00fc\u00dfen K\u00f6stlichkeiten. Meisterk\u00f6che in Kranj bewahren die Tradition und erweitern sie mit moderner Kreativit\u00e4t. Sie suchen nach lokalen Zutaten und arbeiten mit lokalen Bauern zusammen, [&hellip;]","og_url":"https:\/\/www.visitkranj.com\/de\/kulinarisches\/kulinarisches-trio-von-kranj\/","og_site_name":"Visit Kranj","article_publisher":"https:\/\/www.facebook.com\/VisitKranj\/","article_modified_time":"2025-02-12T14:47:47+00:00","og_image":[{"width":1334,"height":873,"url":"https:\/\/www.visitkranj.com\/wp-content\/uploads\/2024\/01\/Kranjski-kulinaricni-trio_visit-kranj_JAN-2024.jpg","type":"image\/jpeg"}],"twitter_card":"summary_large_image","twitter_misc":{"Gesch\u00e4tzte Lesezeit":"3\u00a0Minuten"},"schema":{"@context":"https:\/\/schema.org","@graph":[{"@type":"WebPage","@id":"https:\/\/www.visitkranj.com\/de\/kulinarisches\/kulinarisches-trio-von-kranj\/","url":"https:\/\/www.visitkranj.com\/de\/kulinarisches\/kulinarisches-trio-von-kranj\/","name":"Krainer Wurst, Bier und \u0160truklji - Visit Kranj","isPartOf":{"@id":"https:\/\/www.visitkranj.com\/de\/#website"},"primaryImageOfPage":{"@id":"https:\/\/www.visitkranj.com\/de\/kulinarisches\/kulinarisches-trio-von-kranj\/#primaryimage"},"image":{"@id":"https:\/\/www.visitkranj.com\/de\/kulinarisches\/kulinarisches-trio-von-kranj\/#primaryimage"},"thumbnailUrl":"https:\/\/www.visitkranj.com\/wp-content\/uploads\/2024\/01\/Kranjski-kulinaricni-trio_visit-kranj_JAN-2024.jpg","datePublished":"2024-01-17T09:06:52+00:00","dateModified":"2025-02-12T14:47:47+00:00","breadcrumb":{"@id":"https:\/\/www.visitkranj.com\/de\/kulinarisches\/kulinarisches-trio-von-kranj\/#breadcrumb"},"inLanguage":"de","potentialAction":[{"@type":"ReadAction","target":["https:\/\/www.visitkranj.com\/de\/kulinarisches\/kulinarisches-trio-von-kranj\/"]}]},{"@type":"ImageObject","inLanguage":"de","@id":"https:\/\/www.visitkranj.com\/de\/kulinarisches\/kulinarisches-trio-von-kranj\/#primaryimage","url":"https:\/\/www.visitkranj.com\/wp-content\/uploads\/2024\/01\/Kranjski-kulinaricni-trio_visit-kranj_JAN-2024.jpg","contentUrl":"https:\/\/www.visitkranj.com\/wp-content\/uploads\/2024\/01\/Kranjski-kulinaricni-trio_visit-kranj_JAN-2024.jpg","width":1334,"height":873},{"@type":"BreadcrumbList","@id":"https:\/\/www.visitkranj.com\/de\/kulinarisches\/kulinarisches-trio-von-kranj\/#breadcrumb","itemListElement":[{"@type":"ListItem","position":1,"name":"Start","item":"https:\/\/www.visitkranj.com\/de\/"},{"@type":"ListItem","position":2,"name":"Kulinarisches","item":"https:\/\/www.visitkranj.com\/de\/kulinarika\/"},{"@type":"ListItem","position":3,"name":"Krainer Wurst, Bier und \u0160truklji"}]},{"@type":"WebSite","@id":"https:\/\/www.visitkranj.com\/de\/#website","url":"https:\/\/www.visitkranj.com\/de\/","name":"Visit Kranj","description":"Uradna spletna stran turizma Kranj","publisher":{"@id":"https:\/\/www.visitkranj.com\/de\/#organization"},"potentialAction":[{"@type":"SearchAction","target":{"@type":"EntryPoint","urlTemplate":"https:\/\/www.visitkranj.com\/de\/?s={search_term_string}"},"query-input":{"@type":"PropertyValueSpecification","valueRequired":true,"valueName":"search_term_string"}}],"inLanguage":"de"},{"@type":"Organization","@id":"https:\/\/www.visitkranj.com\/de\/#organization","name":"Zavod za turizem in kulturo Kranj","url":"https:\/\/www.visitkranj.com\/de\/","logo":{"@type":"ImageObject","inLanguage":"de","@id":"https:\/\/www.visitkranj.com\/de\/#\/schema\/logo\/image\/","url":"https:\/\/www.visitkranj.com\/wp-content\/uploads\/2022\/11\/logo_menu_small.png","contentUrl":"https:\/\/www.visitkranj.com\/wp-content\/uploads\/2022\/11\/logo_menu_small.png","width":142,"height":142,"caption":"Zavod za turizem in kulturo Kranj"},"image":{"@id":"https:\/\/www.visitkranj.com\/de\/#\/schema\/logo\/image\/"},"sameAs":["https:\/\/www.facebook.com\/VisitKranj\/","https:\/\/www.instagram.com\/visitkranj\/","https:\/\/www.tripadvisor.com\/Attraction_Review-g644300-d7289577-Reviews-Tourist_Information_Centre_Kranj_House-Kranj_Upper_Carniola_Region.html"]}]}},"_links":{"self":[{"href":"https:\/\/www.visitkranj.com\/de\/wp-json\/wp\/v2\/pages\/295189","targetHints":{"allow":["GET"]}}],"collection":[{"href":"https:\/\/www.visitkranj.com\/de\/wp-json\/wp\/v2\/pages"}],"about":[{"href":"https:\/\/www.visitkranj.com\/de\/wp-json\/wp\/v2\/types\/page"}],"author":[{"embeddable":true,"href":"https:\/\/www.visitkranj.com\/de\/wp-json\/wp\/v2\/users\/7"}],"replies":[{"embeddable":true,"href":"https:\/\/www.visitkranj.com\/de\/wp-json\/wp\/v2\/comments?post=295189"}],"version-history":[{"count":26,"href":"https:\/\/www.visitkranj.com\/de\/wp-json\/wp\/v2\/pages\/295189\/revisions"}],"predecessor-version":[{"id":903769,"href":"https:\/\/www.visitkranj.com\/de\/wp-json\/wp\/v2\/pages\/295189\/revisions\/903769"}],"up":[{"embeddable":true,"href":"https:\/\/www.visitkranj.com\/de\/wp-json\/wp\/v2\/pages\/17600"}],"wp:featuredmedia":[{"embeddable":true,"href":"https:\/\/www.visitkranj.com\/de\/wp-json\/wp\/v2\/media\/295140"}],"wp:attachment":[{"href":"https:\/\/www.visitkranj.com\/de\/wp-json\/wp\/v2\/media?parent=295189"}],"curies":[{"name":"wp","href":"https:\/\/api.w.org\/{rel}","templated":true}]}}