{"id":73694,"date":"2023-07-18T13:54:52","date_gmt":"2023-07-18T12:54:52","guid":{"rendered":"https:\/\/www.visitkranj.com\/?page_id=73694"},"modified":"2023-07-20T06:24:39","modified_gmt":"2023-07-20T06:24:39","slug":"impressum-einwilligung-zum-empfang-von-e-mails","status":"publish","type":"page","link":"https:\/\/www.visitkranj.com\/de\/impressum-einwilligung-zum-empfang-von-e-mails\/","title":{"rendered":"Impressum &#8211; EINWILLIGUNG ZUM EMPFANG VON E-MAILS"},"content":{"rendered":"\t\t<div data-elementor-type=\"wp-page\" data-elementor-id=\"73694\" class=\"elementor elementor-73694 elementor-73507\" data-elementor-post-type=\"page\">\n\t\t\t\t<div class=\"elementor-element elementor-element-2121c6a e-flex e-con-boxed e-con e-parent\" data-id=\"2121c6a\" data-element_type=\"container\" data-e-type=\"container\" data-settings=\"{&quot;jet_parallax_layout_list&quot;:[]}\">\n\t\t\t\t\t<div class=\"e-con-inner\">\n\t\t\t\t<div class=\"elementor-element elementor-element-3fb0782 elementor-widget elementor-widget-heading\" data-id=\"3fb0782\" data-element_type=\"widget\" data-e-type=\"widget\" data-widget_type=\"heading.default\">\n\t\t\t\t<div class=\"elementor-widget-container\">\n\t\t\t\t\t<h1 class=\"elementor-heading-title elementor-size-default\">Impressum<\/h1>\t\t\t\t<\/div>\n\t\t\t\t<\/div>\n\t\t\t\t<div class=\"elementor-element elementor-element-fb74d0c elementor-widget elementor-widget-text-editor\" data-id=\"fb74d0c\" data-element_type=\"widget\" data-e-type=\"widget\" data-widget_type=\"text-editor.default\">\n\t\t\t\t<div class=\"elementor-widget-container\">\n\t\t\t\t\t\t\t\t\t<h2>EINWILLIGUNG ZUM EMPFANG VON E-MAILS<\/h2><p>Um die Vereinbarkeit mit der Datenschutz-Grundverordnung (EU) 2016\/679 (DSGVO) zu gew\u00e4hrleisten, die am 25. Mai in Kraft tritt, m\u00f6chten wir Sie um Einverst\u00e4ndnis bitten, damit wir Ihre pers\u00f6nliche Daten aufbewahren und bearbeiten k\u00f6nnen. Der Verband f\u00fcr Tourismus und Kultur Kranj wird Ihre Daten (Ihre E-Mail-Adresse) nur dazu verwenden, um Sie \u00fcber Events, Veranstaltungen und andere Informationen \u00fcber Kultur und Tourismus in Kranj zu benachrichtigen.<\/p><h2>DATENSCHUTZERKL\u00c4RUNG<\/h2><p>Der Verband f\u00fcr Tourismus und Kultur Kranj wird Ihre personenbezogenen Informationen mit der notwendigen Sorgfalt behandeln, und zwar in Einklang mit der Datenschutz-Grundverordnung (DSGVO). Ihre Daten werden nur zu dem Zweck verwendet, f\u00fcr den Sie Ihre Einwilligung erteilt haben.<\/p><p>&#8211; Ihre E-Mail-Adresse wird ausschlie\u00dflich zum Versenden unseres Newsletters verwendet.<br \/>&#8211; Wir werden Ihre E-Mail-Adresse nicht an dritte Personen weitergeben, au\u00dfer an unsere Vertragspartner und nur wenn das notwendig w\u00e4re f\u00fcr das Versenden unseres Newsletters.<\/p><p><strong>Zu jeder Zeit k\u00f6nnen Sie:<\/strong><br \/>&#8211; Sich vom Newsletter abmelden, indem Sie auf den Link in der E-Mail Nachricht klicken. Nachdem Sie sich abgemeldet haben, werden wir Ihre Adresse f\u00fcr kurze Zeit in einer Liste der abgemeldeten Abonnenten speichern, um Fehler und versehentliche Anmeldungen zu vermeiden, und nach h\u00f6chstens 6 Monaten wird sie dauerhaft gel\u00f6scht.<\/p><p>&#8211; Sie k\u00f6nnen uns per E-Mail an\u00a0<a href=\"mailto:info@visitkranj.si\" target=\"_blank\" rel=\"noopener\"><b>info@visitkranj.com<\/b><\/a>\u00a0benachrichtigen, dass Ihre pers\u00f6nlichen Daten korrigiert werden m\u00fcssen.<\/p><p>&#8211; Sie k\u00f6nnen von uns eine dauerhafte L\u00f6schungIhrer pers\u00f6nlichen Daten verlangen, die bei uns gespeichert sind, indem Sie uns per E-Mail an <b><a href=\"mailto: info@visitkranj.si\">info@visitkranj.si<\/a><\/b> schriftlich dar\u00fcber in Kenntnis setzen.<br \/>&#8211; Sie k\u00f6nnen Export von und Einsicht in Ihre pers\u00f6nliche Daten, die bei uns gespeichert sind, verlangen, indem Sie uns per E-Mail an\u00a0<a href=\"mailto:info@visitkranj.si\" target=\"_blank\" rel=\"noopener\"><b>info@visitkranj.si<\/b><\/a>\u00a0schriftlich dar\u00fcber in Kenntnis setzen.<\/p><p>Ihre E-Mail-Adresse wird vom Verteilerdienst Sendpulse der Firma Sendpulse d.o.o. gespeichert. Sendpulse d.o.o. erf\u00fcllt die Anforderungen des EU-US-Datenschutzschildes und bem\u00fcht sich aktiv um h\u00f6chste Sicherheit bei der Speicherung von Daten durch verschiedene physische, technische und organisatorische Ma\u00dfnahmen wie Verschl\u00fcsselung von Internet-Verbindungen, Sperrung des Zugangs f\u00fcr unbefugte Personen, Gebrauch von sicheren Passw\u00f6rtern und Verhinderung vom Hacken. Der Verteilerdienst Sendpulse \u00fcberwacht die erfolgreiche Zustellung von E-Mails, indem er Daten dar\u00fcber sammelt, wie viele Nachrichten ge\u00f6ffnet wurden, welche Links angeklickt wurden, sowie Daten \u00fcber E-Mail-Kunden und Browser, \u00fcber ungef\u00e4hren Standort, IP-Adresse, Anmeldungen und Abmeldungen und \u00fcber misslungene Zustellung von E-Mails. Diese Daten werden maximal 6 Monate nach der Abmeldung von E-Mails gespeichert.<\/p><p><strong>Weitere Infos: <\/strong>\u00a0Zavod za turizem in kulturo Kranj, Glavni trg 2, 4000 Kranj<\/p>\t\t\t\t\t\t\t\t<\/div>\n\t\t\t\t<\/div>\n\t\t\t\t\t<\/div>\n\t\t\t\t<\/div>\n\t\t\t\t<\/div>\n\t\t","protected":false},"excerpt":{"rendered":"<p>Impressum EINWILLIGUNG ZUM EMPFANG VON E-MAILS Um die Vereinbarkeit mit der Datenschutz-Grundverordnung (EU) 2016\/679 (DSGVO) zu gew\u00e4hrleisten, die am 25. Mai in Kraft tritt, m\u00f6chten wir Sie um Einverst\u00e4ndnis bitten, damit wir Ihre pers\u00f6nliche Daten aufbewahren und bearbeiten k\u00f6nnen. Der Verband f\u00fcr Tourismus und Kultur Kranj wird Ihre Daten (Ihre E-Mail-Adresse) nur dazu verwenden, um [&hellip;]<\/p>\n","protected":false},"author":20,"featured_media":0,"parent":0,"menu_order":0,"comment_status":"closed","ping_status":"closed","template":"","meta":{"footnotes":""},"class_list":["post-73694","page","type-page","status-publish","hentry"],"yoast_head":"<!-- This site is optimized with the Yoast SEO plugin v26.9 - https:\/\/yoast.com\/product\/yoast-seo-wordpress\/ -->\n<title>Impressum - EINWILLIGUNG ZUM EMPFANG VON E-MAILS - Visit Kranj<\/title>\n<meta name=\"robots\" content=\"index, follow, max-snippet:-1, max-image-preview:large, max-video-preview:-1\" \/>\n<link rel=\"canonical\" href=\"https:\/\/www.visitkranj.com\/de\/impressum-einwilligung-zum-empfang-von-e-mails\/\" \/>\n<meta property=\"og:locale\" content=\"de_DE\" \/>\n<meta property=\"og:type\" content=\"article\" \/>\n<meta property=\"og:title\" content=\"Impressum - EINWILLIGUNG ZUM EMPFANG VON E-MAILS - Visit Kranj\" \/>\n<meta property=\"og:description\" content=\"Impressum EINWILLIGUNG ZUM EMPFANG VON E-MAILS Um die Vereinbarkeit mit der Datenschutz-Grundverordnung (EU) 2016\/679 (DSGVO) zu gew\u00e4hrleisten, die am 25. Mai in Kraft tritt, m\u00f6chten wir Sie um Einverst\u00e4ndnis bitten, damit wir Ihre pers\u00f6nliche Daten aufbewahren und bearbeiten k\u00f6nnen. Der Verband f\u00fcr Tourismus und Kultur Kranj wird Ihre Daten (Ihre E-Mail-Adresse) nur dazu verwenden, um [&hellip;]\" \/>\n<meta property=\"og:url\" content=\"https:\/\/www.visitkranj.com\/de\/impressum-einwilligung-zum-empfang-von-e-mails\/\" \/>\n<meta property=\"og:site_name\" content=\"Visit Kranj\" \/>\n<meta property=\"article:publisher\" content=\"https:\/\/www.facebook.com\/VisitKranj\/\" \/>\n<meta property=\"article:modified_time\" content=\"2023-07-20T06:24:39+00:00\" \/>\n<meta name=\"twitter:card\" content=\"summary_large_image\" \/>\n<meta name=\"twitter:label1\" content=\"Gesch\u00e4tzte Lesezeit\" \/>\n\t<meta name=\"twitter:data1\" content=\"3\u00a0Minuten\" \/>\n<script type=\"application\/ld+json\" class=\"yoast-schema-graph\">{\"@context\":\"https:\/\/schema.org\",\"@graph\":[{\"@type\":\"WebPage\",\"@id\":\"https:\/\/www.visitkranj.com\/de\/impressum-einwilligung-zum-empfang-von-e-mails\/\",\"url\":\"https:\/\/www.visitkranj.com\/de\/impressum-einwilligung-zum-empfang-von-e-mails\/\",\"name\":\"Impressum - EINWILLIGUNG ZUM EMPFANG VON E-MAILS - Visit Kranj\",\"isPartOf\":{\"@id\":\"https:\/\/www.visitkranj.com\/de\/#website\"},\"datePublished\":\"2023-07-18T12:54:52+00:00\",\"dateModified\":\"2023-07-20T06:24:39+00:00\",\"breadcrumb\":{\"@id\":\"https:\/\/www.visitkranj.com\/de\/impressum-einwilligung-zum-empfang-von-e-mails\/#breadcrumb\"},\"inLanguage\":\"de\",\"potentialAction\":[{\"@type\":\"ReadAction\",\"target\":[\"https:\/\/www.visitkranj.com\/de\/impressum-einwilligung-zum-empfang-von-e-mails\/\"]}]},{\"@type\":\"BreadcrumbList\",\"@id\":\"https:\/\/www.visitkranj.com\/de\/impressum-einwilligung-zum-empfang-von-e-mails\/#breadcrumb\",\"itemListElement\":[{\"@type\":\"ListItem\",\"position\":1,\"name\":\"Start\",\"item\":\"https:\/\/www.visitkranj.com\/de\/\"},{\"@type\":\"ListItem\",\"position\":2,\"name\":\"Impressum &#8211; EINWILLIGUNG ZUM EMPFANG VON E-MAILS\"}]},{\"@type\":\"WebSite\",\"@id\":\"https:\/\/www.visitkranj.com\/de\/#website\",\"url\":\"https:\/\/www.visitkranj.com\/de\/\",\"name\":\"Visit Kranj\",\"description\":\"Uradna spletna stran turizma Kranj\",\"publisher\":{\"@id\":\"https:\/\/www.visitkranj.com\/de\/#organization\"},\"potentialAction\":[{\"@type\":\"SearchAction\",\"target\":{\"@type\":\"EntryPoint\",\"urlTemplate\":\"https:\/\/www.visitkranj.com\/de\/?s={search_term_string}\"},\"query-input\":{\"@type\":\"PropertyValueSpecification\",\"valueRequired\":true,\"valueName\":\"search_term_string\"}}],\"inLanguage\":\"de\"},{\"@type\":\"Organization\",\"@id\":\"https:\/\/www.visitkranj.com\/de\/#organization\",\"name\":\"Zavod za turizem in kulturo Kranj\",\"url\":\"https:\/\/www.visitkranj.com\/de\/\",\"logo\":{\"@type\":\"ImageObject\",\"inLanguage\":\"de\",\"@id\":\"https:\/\/www.visitkranj.com\/de\/#\/schema\/logo\/image\/\",\"url\":\"https:\/\/www.visitkranj.com\/wp-content\/uploads\/2022\/11\/logo_menu_small.png\",\"contentUrl\":\"https:\/\/www.visitkranj.com\/wp-content\/uploads\/2022\/11\/logo_menu_small.png\",\"width\":142,\"height\":142,\"caption\":\"Zavod za turizem in kulturo Kranj\"},\"image\":{\"@id\":\"https:\/\/www.visitkranj.com\/de\/#\/schema\/logo\/image\/\"},\"sameAs\":[\"https:\/\/www.facebook.com\/VisitKranj\/\",\"https:\/\/www.instagram.com\/visitkranj\/\",\"https:\/\/www.tripadvisor.com\/Attraction_Review-g644300-d7289577-Reviews-Tourist_Information_Centre_Kranj_House-Kranj_Upper_Carniola_Region.html\"]}]}<\/script>\n<!-- \/ Yoast SEO plugin. -->","yoast_head_json":{"title":"Impressum - EINWILLIGUNG ZUM EMPFANG VON E-MAILS - Visit Kranj","robots":{"index":"index","follow":"follow","max-snippet":"max-snippet:-1","max-image-preview":"max-image-preview:large","max-video-preview":"max-video-preview:-1"},"canonical":"https:\/\/www.visitkranj.com\/de\/impressum-einwilligung-zum-empfang-von-e-mails\/","og_locale":"de_DE","og_type":"article","og_title":"Impressum - EINWILLIGUNG ZUM EMPFANG VON E-MAILS - Visit Kranj","og_description":"Impressum EINWILLIGUNG ZUM EMPFANG VON E-MAILS Um die Vereinbarkeit mit der Datenschutz-Grundverordnung (EU) 2016\/679 (DSGVO) zu gew\u00e4hrleisten, die am 25. Mai in Kraft tritt, m\u00f6chten wir Sie um Einverst\u00e4ndnis bitten, damit wir Ihre pers\u00f6nliche Daten aufbewahren und bearbeiten k\u00f6nnen. Der Verband f\u00fcr Tourismus und Kultur Kranj wird Ihre Daten (Ihre E-Mail-Adresse) nur dazu verwenden, um [&hellip;]","og_url":"https:\/\/www.visitkranj.com\/de\/impressum-einwilligung-zum-empfang-von-e-mails\/","og_site_name":"Visit Kranj","article_publisher":"https:\/\/www.facebook.com\/VisitKranj\/","article_modified_time":"2023-07-20T06:24:39+00:00","twitter_card":"summary_large_image","twitter_misc":{"Gesch\u00e4tzte Lesezeit":"3\u00a0Minuten"},"schema":{"@context":"https:\/\/schema.org","@graph":[{"@type":"WebPage","@id":"https:\/\/www.visitkranj.com\/de\/impressum-einwilligung-zum-empfang-von-e-mails\/","url":"https:\/\/www.visitkranj.com\/de\/impressum-einwilligung-zum-empfang-von-e-mails\/","name":"Impressum - EINWILLIGUNG ZUM EMPFANG VON E-MAILS - Visit Kranj","isPartOf":{"@id":"https:\/\/www.visitkranj.com\/de\/#website"},"datePublished":"2023-07-18T12:54:52+00:00","dateModified":"2023-07-20T06:24:39+00:00","breadcrumb":{"@id":"https:\/\/www.visitkranj.com\/de\/impressum-einwilligung-zum-empfang-von-e-mails\/#breadcrumb"},"inLanguage":"de","potentialAction":[{"@type":"ReadAction","target":["https:\/\/www.visitkranj.com\/de\/impressum-einwilligung-zum-empfang-von-e-mails\/"]}]},{"@type":"BreadcrumbList","@id":"https:\/\/www.visitkranj.com\/de\/impressum-einwilligung-zum-empfang-von-e-mails\/#breadcrumb","itemListElement":[{"@type":"ListItem","position":1,"name":"Start","item":"https:\/\/www.visitkranj.com\/de\/"},{"@type":"ListItem","position":2,"name":"Impressum &#8211; EINWILLIGUNG ZUM EMPFANG VON E-MAILS"}]},{"@type":"WebSite","@id":"https:\/\/www.visitkranj.com\/de\/#website","url":"https:\/\/www.visitkranj.com\/de\/","name":"Visit Kranj","description":"Uradna spletna stran turizma Kranj","publisher":{"@id":"https:\/\/www.visitkranj.com\/de\/#organization"},"potentialAction":[{"@type":"SearchAction","target":{"@type":"EntryPoint","urlTemplate":"https:\/\/www.visitkranj.com\/de\/?s={search_term_string}"},"query-input":{"@type":"PropertyValueSpecification","valueRequired":true,"valueName":"search_term_string"}}],"inLanguage":"de"},{"@type":"Organization","@id":"https:\/\/www.visitkranj.com\/de\/#organization","name":"Zavod za turizem in kulturo Kranj","url":"https:\/\/www.visitkranj.com\/de\/","logo":{"@type":"ImageObject","inLanguage":"de","@id":"https:\/\/www.visitkranj.com\/de\/#\/schema\/logo\/image\/","url":"https:\/\/www.visitkranj.com\/wp-content\/uploads\/2022\/11\/logo_menu_small.png","contentUrl":"https:\/\/www.visitkranj.com\/wp-content\/uploads\/2022\/11\/logo_menu_small.png","width":142,"height":142,"caption":"Zavod za turizem in kulturo Kranj"},"image":{"@id":"https:\/\/www.visitkranj.com\/de\/#\/schema\/logo\/image\/"},"sameAs":["https:\/\/www.facebook.com\/VisitKranj\/","https:\/\/www.instagram.com\/visitkranj\/","https:\/\/www.tripadvisor.com\/Attraction_Review-g644300-d7289577-Reviews-Tourist_Information_Centre_Kranj_House-Kranj_Upper_Carniola_Region.html"]}]}},"_links":{"self":[{"href":"https:\/\/www.visitkranj.com\/de\/wp-json\/wp\/v2\/pages\/73694","targetHints":{"allow":["GET"]}}],"collection":[{"href":"https:\/\/www.visitkranj.com\/de\/wp-json\/wp\/v2\/pages"}],"about":[{"href":"https:\/\/www.visitkranj.com\/de\/wp-json\/wp\/v2\/types\/page"}],"author":[{"embeddable":true,"href":"https:\/\/www.visitkranj.com\/de\/wp-json\/wp\/v2\/users\/20"}],"replies":[{"embeddable":true,"href":"https:\/\/www.visitkranj.com\/de\/wp-json\/wp\/v2\/comments?post=73694"}],"version-history":[{"count":0,"href":"https:\/\/www.visitkranj.com\/de\/wp-json\/wp\/v2\/pages\/73694\/revisions"}],"wp:attachment":[{"href":"https:\/\/www.visitkranj.com\/de\/wp-json\/wp\/v2\/media?parent=73694"}],"curies":[{"name":"wp","href":"https:\/\/api.w.org\/{rel}","templated":true}]}}