{"id":894906,"date":"2025-01-14T13:48:23","date_gmt":"2025-01-14T12:48:23","guid":{"rendered":"https:\/\/www.visitkranj.com\/?page_id=894906"},"modified":"2026-01-13T09:41:31","modified_gmt":"2026-01-13T08:41:31","slug":"green-key","status":"publish","type":"page","link":"https:\/\/www.visitkranj.com\/de\/gruene-destination\/green-key\/","title":{"rendered":"Green Key"},"content":{"rendered":"\r\n<h2 class=\"wp-block-heading\">GREEN KEY \u2013 Stollen unter der Altstadt von Kranj | Unsere Bekenntnis zur Nachhaltigkeit<\/h2>\r\n\r\n\r\n\r\n<p>Um einen gr\u00f6\u00dferen Beitrag zur Sensibilisierung f\u00fcr die Bedeutung des Umweltschutzes zu leisten, hat das <strong>Kranjer Amt f\u00fcr Tourismus und Kultur<\/strong> in Zusammenarbeit mit der <strong>Gemeinde Kranj<\/strong> beschlossen, das Umweltlabel \u201e<a href=\"https:\/\/www.greenkey.global\/\" target=\"_blank\" rel=\"noopener\"><strong>GREEN KEY<\/strong><\/a>\u201c f\u00fcr die Touristenattraktion <a href=\"https:\/\/www.visitkranj.com\/de\/sehenswuerdigkeiten\/schaechte-unter-der-altstadt-von-kranj\/https:\/\/www.visitkranj.com\/de\/sehenswuerdigkeiten\/schaechte-unter-der-altstadt-von-kranj\/\"><strong>Stollen unter der Altstadt von Kranj<\/strong><\/a> zu beantragen.<\/p>\r\n<p>Dabei handelt es sich um ein internationales Umweltsiegel, das die Bem\u00fchungen um nachhaltiges und umweltfreundliches Handeln anerkennt. Das Programm soll einen verantwortungsvollen Umgang mit den nat\u00fcrlichen Ressourcen f\u00f6rdern, den Energie- und Wasserverbrauch senken und die Umweltauswirkungen minimieren. Es handelt sich unter anderem um ein Label, das Unternehmen, die sich f\u00fcr Natur und Umwelt einsetzen, besser sichtbar macht.<\/p>\r\n<p>Die <strong>Stollen unter der Altstadt von Kranj<\/strong> wurden als Touristenattraktion im Dezember <strong>2024<\/strong> mit dem Umweltzeichen <strong>Gr\u00fcner Schl\u00fcssel ausgezeichnet<\/strong>, das ihnen f\u00fcr iher Nachhaltigkeit Ende <strong>2025<\/strong> erneut vergeben wurde. Wir sind stolz darauf, Teil der Bem\u00fchungen um eine nachhaltige Zukunft zu sein und verpflichten uns, unsere Umweltleistung kontinuierlich zu verbessern. Das Zertifikat kann <a href=\"https:\/\/www.visitkranj.com\/wp-content\/uploads\/2026\/01\/Green-Key-Certificate_2025_V4.pdf\" target=\"_blank\" rel=\"noopener\"><strong>hier<\/strong><\/a> eingesehen werden.<\/p>\r\n<p>Wir sind uns der Bedeutung der Nachhaltigkeit bewusst und haben eine Reihe von Ma\u00dfnahmen ergriffen, um die negativen Auswirkungen auf die Umwelt zu verringern. Einige der wichtigsten Aktivit\u00e4ten sind:<\/p>\r\n<p><strong><span style=\"color: #c61647;\">\u2192<\/span>Einbindung der Mitarbeiter<\/strong>: Wir st\u00e4rken regelm\u00e4\u00dfig unser Bewusstsein f\u00fcr die Bedeutung eines nachhaltigen Managements und ermutigen unsere Mitarbeiter, bei ihrer t\u00e4glichen Arbeit umweltfreundliche Entscheidungen zu treffen.<\/p>\r\n<p><strong><span style=\"color: #c61647;\">\u2192<\/span> Informieren der Besucher<\/strong>: Wir ermutigen unsere Besucher, nachhaltige Verkehrsmittel zu nutzen, wenn sie an unseren Veranstaltungen und F\u00fchrungen teilnehmen. Veranstaltungen wie die Weinstra\u00dfe und Halloween folgen einem nachhaltigen Ansatz. Die Besucher werden ermutigt, auf nachhaltige Weise anzureisen (mit dem Fahrrad, zu Fu\u00df, mit \u00f6ffentlichen Verkehrsmitteln oder in Fahrgemeinschaften). Wir vermeiden die Verwendung von Einwegplastik bei Veranstaltungen an anderen Standorten sowie bei Veranstaltungen in den Stollen unter der Altstadt von Kranj. Speziell bei der Weinstra\u00dfe verwenden wir Glas und Mehrweg-\u00d6ko-Gef\u00e4\u00dfe und sorgen daf\u00fcr, dass der Abfall getrennt gesammelt wird.<\/p>\r\n<p><strong><span style=\"color: #c61647;\">\u2192<\/span> Innenbereich<\/strong>: In den Stollen und anderen Innenr\u00e4umen ist das Rauchen strengstens verboten, da wir eine saubere und gesunde Umgebung f\u00fcr alle Besucher gew\u00e4hrleisten wollen.<\/p>\r\n<p><strong><span style=\"color: #c61647;\">\u2192 <\/span>Waschen und Reinigen<\/strong>: F\u00fcr die Reinigung der Toiletten und anderer Bereiche verwenden wir Reinigungsmittel, die das Umweltzeichen tragen, so dass unsere Reinigungsverfahren umweltfreundlich sind.<\/p>\r\n<p><strong><span style=\"color: #c61647;\">\u2192\u00a0<\/span><\/strong><strong>Verwaltung<\/strong>: Wir konzentrieren uns auf die Digitalisierung von Gesch\u00e4ftsprozessen, um die Papierverschwendung beim Drucken zu verringern und die Nutzung digitaler Inhalte zu erh\u00f6hen.<\/p>\r\n<p>Durch die regelm\u00e4\u00dfige Umsetzung der oben genannten Ma\u00dfnahmen arbeiten wir auf eine nachhaltige Zukunft hin und verringern unseren \u00f6kologischen Fu\u00dfabdruck.<\/p>\r\n","protected":false},"excerpt":{"rendered":"<p>GREEN KEY \u2013 Stollen unter der Altstadt von Kranj | Unsere Bekenntnis zur Nachhaltigkeit Um einen gr\u00f6\u00dferen Beitrag zur Sensibilisierung f\u00fcr die Bedeutung des Umweltschutzes zu leisten, hat das Kranjer Amt f\u00fcr Tourismus und Kultur in Zusammenarbeit mit der Gemeinde Kranj beschlossen, das Umweltlabel \u201eGREEN KEY\u201c f\u00fcr die Touristenattraktion Stollen unter der Altstadt von Kranj [&hellip;]<\/p>\n","protected":false},"author":7,"featured_media":72192,"parent":19259,"menu_order":0,"comment_status":"closed","ping_status":"closed","template":"","meta":{"footnotes":""},"class_list":["post-894906","page","type-page","status-publish","has-post-thumbnail","hentry"],"yoast_head":"<!-- This site is optimized with the Yoast SEO plugin v26.9 - https:\/\/yoast.com\/product\/yoast-seo-wordpress\/ -->\n<title>Green Key - Visit Kranj<\/title>\n<meta name=\"robots\" content=\"index, follow, max-snippet:-1, max-image-preview:large, max-video-preview:-1\" \/>\n<link rel=\"canonical\" href=\"https:\/\/www.visitkranj.com\/de\/gruene-destination\/green-key\/\" \/>\n<meta property=\"og:locale\" content=\"de_DE\" \/>\n<meta property=\"og:type\" content=\"article\" \/>\n<meta property=\"og:title\" content=\"Green Key - Visit Kranj\" \/>\n<meta property=\"og:description\" content=\"GREEN KEY \u2013 Stollen unter der Altstadt von Kranj | Unsere Bekenntnis zur Nachhaltigkeit Um einen gr\u00f6\u00dferen Beitrag zur Sensibilisierung f\u00fcr die Bedeutung des Umweltschutzes zu leisten, hat das Kranjer Amt f\u00fcr Tourismus und Kultur in Zusammenarbeit mit der Gemeinde Kranj beschlossen, das Umweltlabel \u201eGREEN KEY\u201c f\u00fcr die Touristenattraktion Stollen unter der Altstadt von Kranj [&hellip;]\" \/>\n<meta property=\"og:url\" content=\"https:\/\/www.visitkranj.com\/de\/gruene-destination\/green-key\/\" \/>\n<meta property=\"og:site_name\" content=\"Visit Kranj\" \/>\n<meta property=\"article:publisher\" content=\"https:\/\/www.facebook.com\/VisitKranj\/\" \/>\n<meta property=\"article:modified_time\" content=\"2026-01-13T08:41:31+00:00\" \/>\n<meta property=\"og:image\" content=\"https:\/\/www.visitkranj.com\/wp-content\/uploads\/2023\/07\/Kranj-Zelena-Destinacija_Visit-Kranj.w1170h400c.jpg\" \/>\n\t<meta property=\"og:image:width\" content=\"1170\" \/>\n\t<meta property=\"og:image:height\" content=\"400\" \/>\n\t<meta property=\"og:image:type\" content=\"image\/jpeg\" \/>\n<meta name=\"twitter:card\" content=\"summary_large_image\" \/>\n<meta name=\"twitter:label1\" content=\"Gesch\u00e4tzte Lesezeit\" \/>\n\t<meta name=\"twitter:data1\" content=\"3\u00a0Minuten\" \/>\n<script type=\"application\/ld+json\" class=\"yoast-schema-graph\">{\"@context\":\"https:\/\/schema.org\",\"@graph\":[{\"@type\":\"WebPage\",\"@id\":\"https:\/\/www.visitkranj.com\/de\/gruene-destination\/green-key\/\",\"url\":\"https:\/\/www.visitkranj.com\/de\/gruene-destination\/green-key\/\",\"name\":\"Green Key - Visit Kranj\",\"isPartOf\":{\"@id\":\"https:\/\/www.visitkranj.com\/de\/#website\"},\"primaryImageOfPage\":{\"@id\":\"https:\/\/www.visitkranj.com\/de\/gruene-destination\/green-key\/#primaryimage\"},\"image\":{\"@id\":\"https:\/\/www.visitkranj.com\/de\/gruene-destination\/green-key\/#primaryimage\"},\"thumbnailUrl\":\"https:\/\/www.visitkranj.com\/wp-content\/uploads\/2023\/07\/Kranj-Zelena-Destinacija_Visit-Kranj.w1170h400c.jpg\",\"datePublished\":\"2025-01-14T12:48:23+00:00\",\"dateModified\":\"2026-01-13T08:41:31+00:00\",\"breadcrumb\":{\"@id\":\"https:\/\/www.visitkranj.com\/de\/gruene-destination\/green-key\/#breadcrumb\"},\"inLanguage\":\"de\",\"potentialAction\":[{\"@type\":\"ReadAction\",\"target\":[\"https:\/\/www.visitkranj.com\/de\/gruene-destination\/green-key\/\"]}]},{\"@type\":\"ImageObject\",\"inLanguage\":\"de\",\"@id\":\"https:\/\/www.visitkranj.com\/de\/gruene-destination\/green-key\/#primaryimage\",\"url\":\"https:\/\/www.visitkranj.com\/wp-content\/uploads\/2023\/07\/Kranj-Zelena-Destinacija_Visit-Kranj.w1170h400c.jpg\",\"contentUrl\":\"https:\/\/www.visitkranj.com\/wp-content\/uploads\/2023\/07\/Kranj-Zelena-Destinacija_Visit-Kranj.w1170h400c.jpg\",\"width\":1170,\"height\":400},{\"@type\":\"BreadcrumbList\",\"@id\":\"https:\/\/www.visitkranj.com\/de\/gruene-destination\/green-key\/#breadcrumb\",\"itemListElement\":[{\"@type\":\"ListItem\",\"position\":1,\"name\":\"Start\",\"item\":\"https:\/\/www.visitkranj.com\/de\/\"},{\"@type\":\"ListItem\",\"position\":2,\"name\":\"Gr\u00fcne Destination\",\"item\":\"https:\/\/www.visitkranj.com\/de\/gruene-destination\/\"},{\"@type\":\"ListItem\",\"position\":3,\"name\":\"Green Key\"}]},{\"@type\":\"WebSite\",\"@id\":\"https:\/\/www.visitkranj.com\/de\/#website\",\"url\":\"https:\/\/www.visitkranj.com\/de\/\",\"name\":\"Visit Kranj\",\"description\":\"Uradna spletna stran turizma Kranj\",\"publisher\":{\"@id\":\"https:\/\/www.visitkranj.com\/de\/#organization\"},\"potentialAction\":[{\"@type\":\"SearchAction\",\"target\":{\"@type\":\"EntryPoint\",\"urlTemplate\":\"https:\/\/www.visitkranj.com\/de\/?s={search_term_string}\"},\"query-input\":{\"@type\":\"PropertyValueSpecification\",\"valueRequired\":true,\"valueName\":\"search_term_string\"}}],\"inLanguage\":\"de\"},{\"@type\":\"Organization\",\"@id\":\"https:\/\/www.visitkranj.com\/de\/#organization\",\"name\":\"Zavod za turizem in kulturo Kranj\",\"url\":\"https:\/\/www.visitkranj.com\/de\/\",\"logo\":{\"@type\":\"ImageObject\",\"inLanguage\":\"de\",\"@id\":\"https:\/\/www.visitkranj.com\/de\/#\/schema\/logo\/image\/\",\"url\":\"https:\/\/www.visitkranj.com\/wp-content\/uploads\/2022\/11\/logo_menu_small.png\",\"contentUrl\":\"https:\/\/www.visitkranj.com\/wp-content\/uploads\/2022\/11\/logo_menu_small.png\",\"width\":142,\"height\":142,\"caption\":\"Zavod za turizem in kulturo Kranj\"},\"image\":{\"@id\":\"https:\/\/www.visitkranj.com\/de\/#\/schema\/logo\/image\/\"},\"sameAs\":[\"https:\/\/www.facebook.com\/VisitKranj\/\",\"https:\/\/www.instagram.com\/visitkranj\/\",\"https:\/\/www.tripadvisor.com\/Attraction_Review-g644300-d7289577-Reviews-Tourist_Information_Centre_Kranj_House-Kranj_Upper_Carniola_Region.html\"]}]}<\/script>\n<!-- \/ Yoast SEO plugin. -->","yoast_head_json":{"title":"Green Key - Visit Kranj","robots":{"index":"index","follow":"follow","max-snippet":"max-snippet:-1","max-image-preview":"max-image-preview:large","max-video-preview":"max-video-preview:-1"},"canonical":"https:\/\/www.visitkranj.com\/de\/gruene-destination\/green-key\/","og_locale":"de_DE","og_type":"article","og_title":"Green Key - Visit Kranj","og_description":"GREEN KEY \u2013 Stollen unter der Altstadt von Kranj | Unsere Bekenntnis zur Nachhaltigkeit Um einen gr\u00f6\u00dferen Beitrag zur Sensibilisierung f\u00fcr die Bedeutung des Umweltschutzes zu leisten, hat das Kranjer Amt f\u00fcr Tourismus und Kultur in Zusammenarbeit mit der Gemeinde Kranj beschlossen, das Umweltlabel \u201eGREEN KEY\u201c f\u00fcr die Touristenattraktion Stollen unter der Altstadt von Kranj [&hellip;]","og_url":"https:\/\/www.visitkranj.com\/de\/gruene-destination\/green-key\/","og_site_name":"Visit Kranj","article_publisher":"https:\/\/www.facebook.com\/VisitKranj\/","article_modified_time":"2026-01-13T08:41:31+00:00","og_image":[{"width":1170,"height":400,"url":"https:\/\/www.visitkranj.com\/wp-content\/uploads\/2023\/07\/Kranj-Zelena-Destinacija_Visit-Kranj.w1170h400c.jpg","type":"image\/jpeg"}],"twitter_card":"summary_large_image","twitter_misc":{"Gesch\u00e4tzte Lesezeit":"3\u00a0Minuten"},"schema":{"@context":"https:\/\/schema.org","@graph":[{"@type":"WebPage","@id":"https:\/\/www.visitkranj.com\/de\/gruene-destination\/green-key\/","url":"https:\/\/www.visitkranj.com\/de\/gruene-destination\/green-key\/","name":"Green Key - Visit Kranj","isPartOf":{"@id":"https:\/\/www.visitkranj.com\/de\/#website"},"primaryImageOfPage":{"@id":"https:\/\/www.visitkranj.com\/de\/gruene-destination\/green-key\/#primaryimage"},"image":{"@id":"https:\/\/www.visitkranj.com\/de\/gruene-destination\/green-key\/#primaryimage"},"thumbnailUrl":"https:\/\/www.visitkranj.com\/wp-content\/uploads\/2023\/07\/Kranj-Zelena-Destinacija_Visit-Kranj.w1170h400c.jpg","datePublished":"2025-01-14T12:48:23+00:00","dateModified":"2026-01-13T08:41:31+00:00","breadcrumb":{"@id":"https:\/\/www.visitkranj.com\/de\/gruene-destination\/green-key\/#breadcrumb"},"inLanguage":"de","potentialAction":[{"@type":"ReadAction","target":["https:\/\/www.visitkranj.com\/de\/gruene-destination\/green-key\/"]}]},{"@type":"ImageObject","inLanguage":"de","@id":"https:\/\/www.visitkranj.com\/de\/gruene-destination\/green-key\/#primaryimage","url":"https:\/\/www.visitkranj.com\/wp-content\/uploads\/2023\/07\/Kranj-Zelena-Destinacija_Visit-Kranj.w1170h400c.jpg","contentUrl":"https:\/\/www.visitkranj.com\/wp-content\/uploads\/2023\/07\/Kranj-Zelena-Destinacija_Visit-Kranj.w1170h400c.jpg","width":1170,"height":400},{"@type":"BreadcrumbList","@id":"https:\/\/www.visitkranj.com\/de\/gruene-destination\/green-key\/#breadcrumb","itemListElement":[{"@type":"ListItem","position":1,"name":"Start","item":"https:\/\/www.visitkranj.com\/de\/"},{"@type":"ListItem","position":2,"name":"Gr\u00fcne Destination","item":"https:\/\/www.visitkranj.com\/de\/gruene-destination\/"},{"@type":"ListItem","position":3,"name":"Green Key"}]},{"@type":"WebSite","@id":"https:\/\/www.visitkranj.com\/de\/#website","url":"https:\/\/www.visitkranj.com\/de\/","name":"Visit Kranj","description":"Uradna spletna stran turizma Kranj","publisher":{"@id":"https:\/\/www.visitkranj.com\/de\/#organization"},"potentialAction":[{"@type":"SearchAction","target":{"@type":"EntryPoint","urlTemplate":"https:\/\/www.visitkranj.com\/de\/?s={search_term_string}"},"query-input":{"@type":"PropertyValueSpecification","valueRequired":true,"valueName":"search_term_string"}}],"inLanguage":"de"},{"@type":"Organization","@id":"https:\/\/www.visitkranj.com\/de\/#organization","name":"Zavod za turizem in kulturo Kranj","url":"https:\/\/www.visitkranj.com\/de\/","logo":{"@type":"ImageObject","inLanguage":"de","@id":"https:\/\/www.visitkranj.com\/de\/#\/schema\/logo\/image\/","url":"https:\/\/www.visitkranj.com\/wp-content\/uploads\/2022\/11\/logo_menu_small.png","contentUrl":"https:\/\/www.visitkranj.com\/wp-content\/uploads\/2022\/11\/logo_menu_small.png","width":142,"height":142,"caption":"Zavod za turizem in kulturo Kranj"},"image":{"@id":"https:\/\/www.visitkranj.com\/de\/#\/schema\/logo\/image\/"},"sameAs":["https:\/\/www.facebook.com\/VisitKranj\/","https:\/\/www.instagram.com\/visitkranj\/","https:\/\/www.tripadvisor.com\/Attraction_Review-g644300-d7289577-Reviews-Tourist_Information_Centre_Kranj_House-Kranj_Upper_Carniola_Region.html"]}]}},"_links":{"self":[{"href":"https:\/\/www.visitkranj.com\/de\/wp-json\/wp\/v2\/pages\/894906","targetHints":{"allow":["GET"]}}],"collection":[{"href":"https:\/\/www.visitkranj.com\/de\/wp-json\/wp\/v2\/pages"}],"about":[{"href":"https:\/\/www.visitkranj.com\/de\/wp-json\/wp\/v2\/types\/page"}],"author":[{"embeddable":true,"href":"https:\/\/www.visitkranj.com\/de\/wp-json\/wp\/v2\/users\/7"}],"replies":[{"embeddable":true,"href":"https:\/\/www.visitkranj.com\/de\/wp-json\/wp\/v2\/comments?post=894906"}],"version-history":[{"count":5,"href":"https:\/\/www.visitkranj.com\/de\/wp-json\/wp\/v2\/pages\/894906\/revisions"}],"predecessor-version":[{"id":993154,"href":"https:\/\/www.visitkranj.com\/de\/wp-json\/wp\/v2\/pages\/894906\/revisions\/993154"}],"up":[{"embeddable":true,"href":"https:\/\/www.visitkranj.com\/de\/wp-json\/wp\/v2\/pages\/19259"}],"wp:featuredmedia":[{"embeddable":true,"href":"https:\/\/www.visitkranj.com\/de\/wp-json\/wp\/v2\/media\/72192"}],"wp:attachment":[{"href":"https:\/\/www.visitkranj.com\/de\/wp-json\/wp\/v2\/media?parent=894906"}],"curies":[{"name":"wp","href":"https:\/\/api.w.org\/{rel}","templated":true}]}}