{"id":19509,"date":"2023-05-18T13:03:57","date_gmt":"2023-05-18T13:03:57","guid":{"rendered":"https:\/\/www.visitkranj.com\/?page_id=19509"},"modified":"2023-05-18T19:26:02","modified_gmt":"2023-05-18T19:26:02","slug":"dove-kranj","status":"publish","type":"page","link":"https:\/\/www.visitkranj.com\/it\/kranj\/dove-kranj\/","title":{"rendered":"Dov&#8217;\u00e8 Kranj"},"content":{"rendered":"\t\t<div data-elementor-type=\"wp-page\" data-elementor-id=\"19509\" class=\"elementor elementor-19509 elementor-18710\" data-elementor-post-type=\"page\">\n\t\t\t\t<div class=\"elementor-element elementor-element-78211b1 e-flex e-con-boxed e-con e-parent\" data-id=\"78211b1\" data-element_type=\"container\" data-e-type=\"container\" data-settings=\"{&quot;background_background&quot;:&quot;classic&quot;,&quot;jet_parallax_layout_list&quot;:[]}\">\n\t\t\t\t\t<div class=\"e-con-inner\">\n\t\t\t\t\t<\/div>\n\t\t\t\t<\/div>\n\t\t<div class=\"elementor-element elementor-element-c08ca1e e-flex e-con-boxed e-con e-parent\" data-id=\"c08ca1e\" data-element_type=\"container\" data-e-type=\"container\" data-settings=\"{&quot;jet_parallax_layout_list&quot;:[]}\">\n\t\t\t\t\t<div class=\"e-con-inner\">\n\t\t<div class=\"elementor-element elementor-element-7bd4cd4 e-flex e-con-boxed e-con e-parent\" data-id=\"7bd4cd4\" data-element_type=\"container\" data-e-type=\"container\" data-settings=\"{&quot;background_background&quot;:&quot;classic&quot;,&quot;jet_parallax_layout_list&quot;:[]}\">\n\t\t\t\t\t<div class=\"e-con-inner\">\n\t\t\t\t<div class=\"elementor-element elementor-element-28b194d elementor-widget elementor-widget-heading\" data-id=\"28b194d\" data-element_type=\"widget\" data-e-type=\"widget\" data-widget_type=\"heading.default\">\n\t\t\t\t<div class=\"elementor-widget-container\">\n\t\t\t\t\t<h1 class=\"elementor-heading-title elementor-size-default\">Dov'\u00e8 Kranj?<\/h1>\t\t\t\t<\/div>\n\t\t\t\t<\/div>\n\t\t\t\t\t<\/div>\n\t\t\t\t<\/div>\n\t\t\t\t<div class=\"elementor-element elementor-element-7b69bcd elementor-widget elementor-widget-text-editor\" data-id=\"7b69bcd\" data-element_type=\"widget\" data-e-type=\"widget\" data-widget_type=\"text-editor.default\">\n\t\t\t\t<div class=\"elementor-widget-container\">\n\t\t\t\t\t\t\t\t\t<p>L&#8217;affascinante centro cittadino di Kranj si trova tra Lubiana e Bled. A mezz&#8217;ora di macchina verso est si trova la romantica capitale slovena verso est, mentre in direzione ovest 20 minuti di guida vi porteranno verso una meta da favola, molto popolare tra i turisti, con l&#8217;isola pi\u00f9 famosa del paese.<\/p><p>\u00a0<\/p>\t\t\t\t\t\t\t\t<\/div>\n\t\t\t\t<\/div>\n\t\t\t\t<div class=\"elementor-element elementor-element-28d0e3b elementor-widget elementor-widget-image\" data-id=\"28d0e3b\" data-element_type=\"widget\" data-e-type=\"widget\" data-widget_type=\"image.default\">\n\t\t\t\t<div class=\"elementor-widget-container\">\n\t\t\t\t\t\t\t\t\t\t\t\t\t\t\t<img fetchpriority=\"high\" decoding=\"async\" width=\"650\" height=\"433\" src=\"https:\/\/www.visitkranj.com\/wp-content\/uploads\/2023\/05\/Visit-Kranj-Kje-je-KRanj_v21.gif\" class=\"attachment-large size-large wp-image-18726\" alt=\"\" \/>\t\t\t\t\t\t\t\t\t\t\t\t\t\t\t<\/div>\n\t\t\t\t<\/div>\n\t\t\t\t<div class=\"elementor-element elementor-element-da042d5 elementor-widget elementor-widget-heading\" data-id=\"da042d5\" data-element_type=\"widget\" data-e-type=\"widget\" data-widget_type=\"heading.default\">\n\t\t\t\t<div class=\"elementor-widget-container\">\n\t\t\t\t\t<h2 class=\"elementor-heading-title elementor-size-default\">Ovunque tu sia in Slovenia, Kranj \u00e8 sempre vicino!<\/h2>\t\t\t\t<\/div>\n\t\t\t\t<\/div>\n\t\t\t\t<div class=\"elementor-element elementor-element-39717cf elementor-widget elementor-widget-image\" data-id=\"39717cf\" data-element_type=\"widget\" data-e-type=\"widget\" data-widget_type=\"image.default\">\n\t\t\t\t<div class=\"elementor-widget-container\">\n\t\t\t\t\t\t\t\t\t\t\t\t\t\t\t<img decoding=\"async\" width=\"800\" height=\"534\" src=\"https:\/\/www.visitkranj.com\/wp-content\/uploads\/2023\/05\/Kje-je-Kranj-Visit-Kranj_KRANJ-JE-VEDNO-BLIZU1-1024x683.jpg\" class=\"attachment-large size-large wp-image-18731\" alt=\"\" srcset=\"https:\/\/www.visitkranj.com\/wp-content\/uploads\/2023\/05\/Kje-je-Kranj-Visit-Kranj_KRANJ-JE-VEDNO-BLIZU1-1024x683.jpg 1024w, https:\/\/www.visitkranj.com\/wp-content\/uploads\/2023\/05\/Kje-je-Kranj-Visit-Kranj_KRANJ-JE-VEDNO-BLIZU1-300x200.jpg 300w, https:\/\/www.visitkranj.com\/wp-content\/uploads\/2023\/05\/Kje-je-Kranj-Visit-Kranj_KRANJ-JE-VEDNO-BLIZU1-768x512.jpg 768w, https:\/\/www.visitkranj.com\/wp-content\/uploads\/2023\/05\/Kje-je-Kranj-Visit-Kranj_KRANJ-JE-VEDNO-BLIZU1-1536x1024.jpg 1536w, https:\/\/www.visitkranj.com\/wp-content\/uploads\/2023\/05\/Kje-je-Kranj-Visit-Kranj_KRANJ-JE-VEDNO-BLIZU1.jpg 1800w\" sizes=\"(max-width: 800px) 100vw, 800px\" \/>\t\t\t\t\t\t\t\t\t\t\t\t\t\t\t<\/div>\n\t\t\t\t<\/div>\n\t\t\t\t<div class=\"elementor-element elementor-element-8218248 elementor-widget elementor-widget-text-editor\" data-id=\"8218248\" data-element_type=\"widget\" data-e-type=\"widget\" data-widget_type=\"text-editor.default\">\n\t\t\t\t<div class=\"elementor-widget-container\">\n\t\t\t\t\t\t\t\t\t<p>Attrattivit\u00e0, dimensione piccola, accessibilit\u00e0, sicurezza, intreccio tra natura e cultura, e le infrastrutture della quarta citt\u00e0 pi\u00f9 grande del paese inseriscono Kranj nella lista delle destinazioni da non perdere assolutamente. La citt\u00e0 \u00e8 quindi un ottimo punto di partenza per scoprire sia la bellissima regione dell&#8217;Alta Carniola (Gorenjska) che il resto della Slovenia. In un attimo si pu\u00f2 raggiungere Lubiana, oppure visitare pittoresche citt\u00e0 medievali come \u0160kofja Loka, Radovljica e Kamnik, passeggiare lungo le spiagge del lago di Bled e del lago di Bohinj, nell&#8217;abbraccio della bucolica Jezersko o nella sportiva Kranjska gora.<\/p><p>\u00a0<\/p><p>Non solo le citt\u00e0 e le attrazioni slovene sono a portata di mano, ma Kranj ha anche ottimi collegamenti internazionali. Si trova a soli 7 km dall&#8217;aeroporto internazionale \u00bbFraport Slovenia\u00ab, ed \u00e8 ben connessa con l&#8217;intera Slovenia e i paesi limitrofi \u2013 Italia, Austria, Croazia e Ungheria \u2013 grazie alla linea ferroviaria tra Monaco e Zagabria, a numerosi collegamenti in autobus e alla prossimit\u00e0 con l&#8217;autostrada.<\/p>\t\t\t\t\t\t\t\t<\/div>\n\t\t\t\t<\/div>\n\t\t\t\t<div class=\"elementor-element elementor-element-f46d0ed elementor-widget elementor-widget-heading\" data-id=\"f46d0ed\" data-element_type=\"widget\" data-e-type=\"widget\" data-widget_type=\"heading.default\">\n\t\t\t\t<div class=\"elementor-widget-container\">\n\t\t\t\t\t<h2 class=\"elementor-heading-title elementor-size-default\">Con un piede in citt\u00e0, con l'altro nella natura<\/h2>\t\t\t\t<\/div>\n\t\t\t\t<\/div>\n\t\t\t\t<div class=\"elementor-element elementor-element-0993ec1 elementor-widget elementor-widget-image\" data-id=\"0993ec1\" data-element_type=\"widget\" data-e-type=\"widget\" data-widget_type=\"image.default\">\n\t\t\t\t<div class=\"elementor-widget-container\">\n\t\t\t\t\t\t\t\t\t\t\t\t\t\t\t<img decoding=\"async\" width=\"800\" height=\"533\" src=\"https:\/\/www.visitkranj.com\/wp-content\/uploads\/2023\/05\/Kje-je-Kranj-Visit-Kranj_z-eno-nogo-v-mestu-z-drugo-v-naravi-1024x682.webp\" class=\"attachment-large size-large wp-image-8775\" alt=\"\" srcset=\"https:\/\/www.visitkranj.com\/wp-content\/uploads\/2023\/05\/Kje-je-Kranj-Visit-Kranj_z-eno-nogo-v-mestu-z-drugo-v-naravi-1024x682.webp 1024w, https:\/\/www.visitkranj.com\/wp-content\/uploads\/2023\/05\/Kje-je-Kranj-Visit-Kranj_z-eno-nogo-v-mestu-z-drugo-v-naravi-300x200.webp 300w, https:\/\/www.visitkranj.com\/wp-content\/uploads\/2023\/05\/Kje-je-Kranj-Visit-Kranj_z-eno-nogo-v-mestu-z-drugo-v-naravi-768x512.webp 768w, https:\/\/www.visitkranj.com\/wp-content\/uploads\/2023\/05\/Kje-je-Kranj-Visit-Kranj_z-eno-nogo-v-mestu-z-drugo-v-naravi-1536x1023.webp 1536w, https:\/\/www.visitkranj.com\/wp-content\/uploads\/2023\/05\/Kje-je-Kranj-Visit-Kranj_z-eno-nogo-v-mestu-z-drugo-v-naravi.webp 1800w\" sizes=\"(max-width: 800px) 100vw, 800px\" \/>\t\t\t\t\t\t\t\t\t\t\t\t\t\t\t<\/div>\n\t\t\t\t<\/div>\n\t\t\t\t<div class=\"elementor-element elementor-element-b1f2cbe elementor-widget elementor-widget-text-editor\" data-id=\"b1f2cbe\" data-element_type=\"widget\" data-e-type=\"widget\" data-widget_type=\"text-editor.default\">\n\t\t\t\t<div class=\"elementor-widget-container\">\n\t\t\t\t\t\t\t\t\t<p>Il centro cittadino di Kranj \u00e8 considerato uno dei pi\u00f9 affascinanti di tutta la Slovenia. Una passeggiata per le strade della citt\u00e0, i caff\u00e8, i negozi di alimentari locali, le gallerie, i musei e le case caratteristiche spiegano facilmente il motivo. Le piccole dimensioni ne accrescono il fascino, il che significa che Kranj vi entrer\u00e0 nel cuore ancora pi\u00f9 velocemente!<\/p><p>\u00a0<\/p><p>Il centro si trova in cima a un , nell&#8217;abbraccio dei fiumi Kokra e Sava. E questo intreccio di vita urbana immersa nella natura accompagna Kranj ad ogni passo. Un momento siete circondati dalla serenit\u00e0 dei boschi, un attimo dopo starete gi\u00e0 passeggiando tra le strade della citt\u00e0, i caff\u00e8 e le mostre. Ecco perch\u00e9 alla gente di Kranj piace dire che \u00bbsiamo in citt\u00e0 con un piede e con l&#8217;altro nella natura!\u00ab<\/p>\t\t\t\t\t\t\t\t<\/div>\n\t\t\t\t<\/div>\n\t\t\t\t<div class=\"elementor-element elementor-element-95f7d99 elementor-widget elementor-widget-heading\" data-id=\"95f7d99\" data-element_type=\"widget\" data-e-type=\"widget\" data-widget_type=\"heading.default\">\n\t\t\t\t<div class=\"elementor-widget-container\">\n\t\t\t\t\t<h2 class=\"elementor-heading-title elementor-size-default\">Questa \u00e8 la patria della storia e della cultura<\/h2>\t\t\t\t<\/div>\n\t\t\t\t<\/div>\n\t\t\t\t<div class=\"elementor-element elementor-element-9ce6208 elementor-widget elementor-widget-image\" data-id=\"9ce6208\" data-element_type=\"widget\" data-e-type=\"widget\" data-widget_type=\"image.default\">\n\t\t\t\t<div class=\"elementor-widget-container\">\n\t\t\t\t\t\t\t\t\t\t\t\t\t\t\t<img loading=\"lazy\" decoding=\"async\" width=\"800\" height=\"534\" src=\"https:\/\/www.visitkranj.com\/wp-content\/uploads\/2023\/05\/Kje-je-Kranj-Visit-Kranj_tu-sta-doma-kultura-in-zgodovina-1024x683.webp\" class=\"attachment-large size-large wp-image-8772\" alt=\"\" srcset=\"https:\/\/www.visitkranj.com\/wp-content\/uploads\/2023\/05\/Kje-je-Kranj-Visit-Kranj_tu-sta-doma-kultura-in-zgodovina-1024x683.webp 1024w, https:\/\/www.visitkranj.com\/wp-content\/uploads\/2023\/05\/Kje-je-Kranj-Visit-Kranj_tu-sta-doma-kultura-in-zgodovina-300x200.webp 300w, https:\/\/www.visitkranj.com\/wp-content\/uploads\/2023\/05\/Kje-je-Kranj-Visit-Kranj_tu-sta-doma-kultura-in-zgodovina-768x512.webp 768w, https:\/\/www.visitkranj.com\/wp-content\/uploads\/2023\/05\/Kje-je-Kranj-Visit-Kranj_tu-sta-doma-kultura-in-zgodovina-1536x1024.webp 1536w, https:\/\/www.visitkranj.com\/wp-content\/uploads\/2023\/05\/Kje-je-Kranj-Visit-Kranj_tu-sta-doma-kultura-in-zgodovina.webp 1800w\" sizes=\"(max-width: 800px) 100vw, 800px\" \/>\t\t\t\t\t\t\t\t\t\t\t\t\t\t\t<\/div>\n\t\t\t\t<\/div>\n\t\t\t\t<div class=\"elementor-element elementor-element-e459e43 elementor-widget elementor-widget-text-editor\" data-id=\"e459e43\" data-element_type=\"widget\" data-e-type=\"widget\" data-widget_type=\"text-editor.default\">\n\t\t\t\t<div class=\"elementor-widget-container\">\n\t\t\t\t\t\t\t\t\t<p>I 6.000 anni di storia in cui si sono intrecciate le vite di popoli diversi hanno plasmato l&#8217;immagine architettonica di oggi, la diversit\u00e0 culturale e storica e il temperamento della citt\u00e0. Gli amanti dell&#8217;arte, della cultura e della storia si sentiranno a casa a Kranj! Sarete accompagnati a ogni passo da gallerie, musei, ricchi dettagli architettonici e numerosi eventi artistici.*<\/p><p>\u00a0<\/p><p>L&#8217;affetto per la cultura e l&#8217;arte si riflette gi\u00e0 nel fatto che nelle principali piazze del mondo si trovano spesso statue di guide e capi militari, ma a Kranj si preferisce rendere omaggio ai poeti. La pi\u00f9 grande statua di France Pre\u0161eren si trova accanto al Teatro comunale dedicato al principale poeta nazionale.<\/p>\t\t\t\t\t\t\t\t<\/div>\n\t\t\t\t<\/div>\n\t\t\t\t<div class=\"elementor-element elementor-element-84a9747 elementor-widget elementor-widget-text-editor\" data-id=\"84a9747\" data-element_type=\"widget\" data-e-type=\"widget\" data-widget_type=\"text-editor.default\">\n\t\t\t\t<div class=\"elementor-widget-container\">\n\t\t\t\t\t\t\t\t\t<p>Autori di immagini:<br \/>Luka Dakskobler, Dragan Gavranovi\u0107, Mediaspeed &#8211; Marko Arandjelovi\u0107, Jo\u0161t Gantar<\/p>\t\t\t\t\t\t\t\t<\/div>\n\t\t\t\t<\/div>\n\t\t\t\t\t<\/div>\n\t\t\t\t<\/div>\n\t\t\t\t<\/div>\n\t\t","protected":false},"excerpt":{"rendered":"<p>Dov&#8217;\u00e8 Kranj? L&#8217;affascinante centro cittadino di Kranj si trova tra Lubiana e Bled. A mezz&#8217;ora di macchina verso est si trova la romantica capitale slovena verso est, mentre in direzione ovest 20 minuti di guida vi porteranno verso una meta da favola, molto popolare tra i turisti, con l&#8217;isola pi\u00f9 famosa del paese. \u00a0 Ovunque [&hellip;]<\/p>\n","protected":false},"author":3,"featured_media":0,"parent":17394,"menu_order":0,"comment_status":"closed","ping_status":"closed","template":"","meta":{"footnotes":""},"class_list":["post-19509","page","type-page","status-publish","hentry"],"yoast_head":"<!-- This site is optimized with the Yoast SEO plugin v26.9 - https:\/\/yoast.com\/product\/yoast-seo-wordpress\/ -->\n<title>Dov&#039;\u00e8 Kranj - Visit Kranj<\/title>\n<meta name=\"robots\" content=\"index, follow, max-snippet:-1, max-image-preview:large, max-video-preview:-1\" \/>\n<link rel=\"canonical\" href=\"https:\/\/www.visitkranj.com\/it\/kranj\/dove-kranj\/\" \/>\n<meta property=\"og:locale\" content=\"it_IT\" \/>\n<meta property=\"og:type\" content=\"article\" \/>\n<meta property=\"og:title\" content=\"Dov&#039;\u00e8 Kranj - Visit Kranj\" \/>\n<meta property=\"og:description\" content=\"Dov&#8217;\u00e8 Kranj? L&#8217;affascinante centro cittadino di Kranj si trova tra Lubiana e Bled. A mezz&#8217;ora di macchina verso est si trova la romantica capitale slovena verso est, mentre in direzione ovest 20 minuti di guida vi porteranno verso una meta da favola, molto popolare tra i turisti, con l&#8217;isola pi\u00f9 famosa del paese. \u00a0 Ovunque [&hellip;]\" \/>\n<meta property=\"og:url\" content=\"https:\/\/www.visitkranj.com\/it\/kranj\/dove-kranj\/\" \/>\n<meta property=\"og:site_name\" content=\"Visit Kranj\" \/>\n<meta property=\"article:publisher\" content=\"https:\/\/www.facebook.com\/VisitKranj\/\" \/>\n<meta property=\"article:modified_time\" content=\"2023-05-18T19:26:02+00:00\" \/>\n<meta property=\"og:image\" content=\"https:\/\/www.visitkranj.com\/wp-content\/uploads\/2023\/05\/Visit-Kranj-Kje-je-KRanj_v21.gif\" \/>\n<meta name=\"twitter:card\" content=\"summary_large_image\" \/>\n<meta name=\"twitter:label1\" content=\"Tempo di lettura stimato\" \/>\n\t<meta name=\"twitter:data1\" content=\"2 minuti\" \/>\n<script type=\"application\/ld+json\" class=\"yoast-schema-graph\">{\"@context\":\"https:\/\/schema.org\",\"@graph\":[{\"@type\":\"WebPage\",\"@id\":\"https:\/\/www.visitkranj.com\/it\/kranj\/dove-kranj\/\",\"url\":\"https:\/\/www.visitkranj.com\/it\/kranj\/dove-kranj\/\",\"name\":\"Dov'\u00e8 Kranj - Visit Kranj\",\"isPartOf\":{\"@id\":\"https:\/\/www.visitkranj.com\/it\/#website\"},\"primaryImageOfPage\":{\"@id\":\"https:\/\/www.visitkranj.com\/it\/kranj\/dove-kranj\/#primaryimage\"},\"image\":{\"@id\":\"https:\/\/www.visitkranj.com\/it\/kranj\/dove-kranj\/#primaryimage\"},\"thumbnailUrl\":\"https:\/\/www.visitkranj.com\/wp-content\/uploads\/2023\/05\/Visit-Kranj-Kje-je-KRanj_v21.gif\",\"datePublished\":\"2023-05-18T13:03:57+00:00\",\"dateModified\":\"2023-05-18T19:26:02+00:00\",\"breadcrumb\":{\"@id\":\"https:\/\/www.visitkranj.com\/it\/kranj\/dove-kranj\/#breadcrumb\"},\"inLanguage\":\"it-IT\",\"potentialAction\":[{\"@type\":\"ReadAction\",\"target\":[\"https:\/\/www.visitkranj.com\/it\/kranj\/dove-kranj\/\"]}]},{\"@type\":\"ImageObject\",\"inLanguage\":\"it-IT\",\"@id\":\"https:\/\/www.visitkranj.com\/it\/kranj\/dove-kranj\/#primaryimage\",\"url\":\"https:\/\/www.visitkranj.com\/wp-content\/uploads\/2023\/05\/Visit-Kranj-Kje-je-KRanj_v21.gif\",\"contentUrl\":\"https:\/\/www.visitkranj.com\/wp-content\/uploads\/2023\/05\/Visit-Kranj-Kje-je-KRanj_v21.gif\"},{\"@type\":\"BreadcrumbList\",\"@id\":\"https:\/\/www.visitkranj.com\/it\/kranj\/dove-kranj\/#breadcrumb\",\"itemListElement\":[{\"@type\":\"ListItem\",\"position\":1,\"name\":\"Inizio\",\"item\":\"https:\/\/www.visitkranj.com\/it\/\"},{\"@type\":\"ListItem\",\"position\":2,\"name\":\"Kranj\",\"item\":\"https:\/\/www.visitkranj.com\/it\/spoznaj-kranj\/\"},{\"@type\":\"ListItem\",\"position\":3,\"name\":\"Dov&#8217;\u00e8 Kranj\"}]},{\"@type\":\"WebSite\",\"@id\":\"https:\/\/www.visitkranj.com\/it\/#website\",\"url\":\"https:\/\/www.visitkranj.com\/it\/\",\"name\":\"Visit Kranj\",\"description\":\"Uradna spletna stran turizma Kranj\",\"publisher\":{\"@id\":\"https:\/\/www.visitkranj.com\/it\/#organization\"},\"potentialAction\":[{\"@type\":\"SearchAction\",\"target\":{\"@type\":\"EntryPoint\",\"urlTemplate\":\"https:\/\/www.visitkranj.com\/it\/?s={search_term_string}\"},\"query-input\":{\"@type\":\"PropertyValueSpecification\",\"valueRequired\":true,\"valueName\":\"search_term_string\"}}],\"inLanguage\":\"it-IT\"},{\"@type\":\"Organization\",\"@id\":\"https:\/\/www.visitkranj.com\/it\/#organization\",\"name\":\"Zavod za turizem in kulturo Kranj\",\"url\":\"https:\/\/www.visitkranj.com\/it\/\",\"logo\":{\"@type\":\"ImageObject\",\"inLanguage\":\"it-IT\",\"@id\":\"https:\/\/www.visitkranj.com\/it\/#\/schema\/logo\/image\/\",\"url\":\"https:\/\/www.visitkranj.com\/wp-content\/uploads\/2022\/11\/logo_menu_small.png\",\"contentUrl\":\"https:\/\/www.visitkranj.com\/wp-content\/uploads\/2022\/11\/logo_menu_small.png\",\"width\":142,\"height\":142,\"caption\":\"Zavod za turizem in kulturo Kranj\"},\"image\":{\"@id\":\"https:\/\/www.visitkranj.com\/it\/#\/schema\/logo\/image\/\"},\"sameAs\":[\"https:\/\/www.facebook.com\/VisitKranj\/\",\"https:\/\/www.instagram.com\/visitkranj\/\",\"https:\/\/www.tripadvisor.com\/Attraction_Review-g644300-d7289577-Reviews-Tourist_Information_Centre_Kranj_House-Kranj_Upper_Carniola_Region.html\"]}]}<\/script>\n<!-- \/ Yoast SEO plugin. -->","yoast_head_json":{"title":"Dov'\u00e8 Kranj - Visit Kranj","robots":{"index":"index","follow":"follow","max-snippet":"max-snippet:-1","max-image-preview":"max-image-preview:large","max-video-preview":"max-video-preview:-1"},"canonical":"https:\/\/www.visitkranj.com\/it\/kranj\/dove-kranj\/","og_locale":"it_IT","og_type":"article","og_title":"Dov'\u00e8 Kranj - Visit Kranj","og_description":"Dov&#8217;\u00e8 Kranj? L&#8217;affascinante centro cittadino di Kranj si trova tra Lubiana e Bled. A mezz&#8217;ora di macchina verso est si trova la romantica capitale slovena verso est, mentre in direzione ovest 20 minuti di guida vi porteranno verso una meta da favola, molto popolare tra i turisti, con l&#8217;isola pi\u00f9 famosa del paese. \u00a0 Ovunque [&hellip;]","og_url":"https:\/\/www.visitkranj.com\/it\/kranj\/dove-kranj\/","og_site_name":"Visit Kranj","article_publisher":"https:\/\/www.facebook.com\/VisitKranj\/","article_modified_time":"2023-05-18T19:26:02+00:00","og_image":[{"url":"https:\/\/www.visitkranj.com\/wp-content\/uploads\/2023\/05\/Visit-Kranj-Kje-je-KRanj_v21.gif","type":"","width":"","height":""}],"twitter_card":"summary_large_image","twitter_misc":{"Tempo di lettura stimato":"2 minuti"},"schema":{"@context":"https:\/\/schema.org","@graph":[{"@type":"WebPage","@id":"https:\/\/www.visitkranj.com\/it\/kranj\/dove-kranj\/","url":"https:\/\/www.visitkranj.com\/it\/kranj\/dove-kranj\/","name":"Dov'\u00e8 Kranj - Visit Kranj","isPartOf":{"@id":"https:\/\/www.visitkranj.com\/it\/#website"},"primaryImageOfPage":{"@id":"https:\/\/www.visitkranj.com\/it\/kranj\/dove-kranj\/#primaryimage"},"image":{"@id":"https:\/\/www.visitkranj.com\/it\/kranj\/dove-kranj\/#primaryimage"},"thumbnailUrl":"https:\/\/www.visitkranj.com\/wp-content\/uploads\/2023\/05\/Visit-Kranj-Kje-je-KRanj_v21.gif","datePublished":"2023-05-18T13:03:57+00:00","dateModified":"2023-05-18T19:26:02+00:00","breadcrumb":{"@id":"https:\/\/www.visitkranj.com\/it\/kranj\/dove-kranj\/#breadcrumb"},"inLanguage":"it-IT","potentialAction":[{"@type":"ReadAction","target":["https:\/\/www.visitkranj.com\/it\/kranj\/dove-kranj\/"]}]},{"@type":"ImageObject","inLanguage":"it-IT","@id":"https:\/\/www.visitkranj.com\/it\/kranj\/dove-kranj\/#primaryimage","url":"https:\/\/www.visitkranj.com\/wp-content\/uploads\/2023\/05\/Visit-Kranj-Kje-je-KRanj_v21.gif","contentUrl":"https:\/\/www.visitkranj.com\/wp-content\/uploads\/2023\/05\/Visit-Kranj-Kje-je-KRanj_v21.gif"},{"@type":"BreadcrumbList","@id":"https:\/\/www.visitkranj.com\/it\/kranj\/dove-kranj\/#breadcrumb","itemListElement":[{"@type":"ListItem","position":1,"name":"Inizio","item":"https:\/\/www.visitkranj.com\/it\/"},{"@type":"ListItem","position":2,"name":"Kranj","item":"https:\/\/www.visitkranj.com\/it\/spoznaj-kranj\/"},{"@type":"ListItem","position":3,"name":"Dov&#8217;\u00e8 Kranj"}]},{"@type":"WebSite","@id":"https:\/\/www.visitkranj.com\/it\/#website","url":"https:\/\/www.visitkranj.com\/it\/","name":"Visit Kranj","description":"Uradna spletna stran turizma Kranj","publisher":{"@id":"https:\/\/www.visitkranj.com\/it\/#organization"},"potentialAction":[{"@type":"SearchAction","target":{"@type":"EntryPoint","urlTemplate":"https:\/\/www.visitkranj.com\/it\/?s={search_term_string}"},"query-input":{"@type":"PropertyValueSpecification","valueRequired":true,"valueName":"search_term_string"}}],"inLanguage":"it-IT"},{"@type":"Organization","@id":"https:\/\/www.visitkranj.com\/it\/#organization","name":"Zavod za turizem in kulturo Kranj","url":"https:\/\/www.visitkranj.com\/it\/","logo":{"@type":"ImageObject","inLanguage":"it-IT","@id":"https:\/\/www.visitkranj.com\/it\/#\/schema\/logo\/image\/","url":"https:\/\/www.visitkranj.com\/wp-content\/uploads\/2022\/11\/logo_menu_small.png","contentUrl":"https:\/\/www.visitkranj.com\/wp-content\/uploads\/2022\/11\/logo_menu_small.png","width":142,"height":142,"caption":"Zavod za turizem in kulturo Kranj"},"image":{"@id":"https:\/\/www.visitkranj.com\/it\/#\/schema\/logo\/image\/"},"sameAs":["https:\/\/www.facebook.com\/VisitKranj\/","https:\/\/www.instagram.com\/visitkranj\/","https:\/\/www.tripadvisor.com\/Attraction_Review-g644300-d7289577-Reviews-Tourist_Information_Centre_Kranj_House-Kranj_Upper_Carniola_Region.html"]}]}},"_links":{"self":[{"href":"https:\/\/www.visitkranj.com\/it\/wp-json\/wp\/v2\/pages\/19509","targetHints":{"allow":["GET"]}}],"collection":[{"href":"https:\/\/www.visitkranj.com\/it\/wp-json\/wp\/v2\/pages"}],"about":[{"href":"https:\/\/www.visitkranj.com\/it\/wp-json\/wp\/v2\/types\/page"}],"author":[{"embeddable":true,"href":"https:\/\/www.visitkranj.com\/it\/wp-json\/wp\/v2\/users\/3"}],"replies":[{"embeddable":true,"href":"https:\/\/www.visitkranj.com\/it\/wp-json\/wp\/v2\/comments?post=19509"}],"version-history":[{"count":0,"href":"https:\/\/www.visitkranj.com\/it\/wp-json\/wp\/v2\/pages\/19509\/revisions"}],"up":[{"embeddable":true,"href":"https:\/\/www.visitkranj.com\/it\/wp-json\/wp\/v2\/pages\/17394"}],"wp:attachment":[{"href":"https:\/\/www.visitkranj.com\/it\/wp-json\/wp\/v2\/media?parent=19509"}],"curies":[{"name":"wp","href":"https:\/\/api.w.org\/{rel}","templated":true}]}}