{"id":295198,"date":"2024-01-17T10:06:52","date_gmt":"2024-01-17T09:06:52","guid":{"rendered":"https:\/\/www.visitkranj.com\/?page_id=295198"},"modified":"2025-02-12T16:00:53","modified_gmt":"2025-02-12T15:00:53","slug":"il-trio-culinario-di-kranj","status":"publish","type":"page","link":"https:\/\/www.visitkranj.com\/it\/culinario\/il-trio-culinario-di-kranj\/","title":{"rendered":"Salsiccia della Carniola, birra e struccoli"},"content":{"rendered":"\t\t<div data-elementor-type=\"wp-page\" data-elementor-id=\"295198\" class=\"elementor elementor-295198 elementor-295117\" data-elementor-post-type=\"page\">\n\t\t\t\t<div class=\"elementor-element elementor-element-024be09 e-con-full e-flex e-con e-parent\" data-id=\"024be09\" data-element_type=\"container\" data-e-type=\"container\" data-settings=\"{&quot;jet_parallax_layout_list&quot;:[]}\">\n\t\t<div class=\"elementor-element elementor-element-6f7a69f e-flex e-con-boxed e-con e-child\" data-id=\"6f7a69f\" data-element_type=\"container\" data-e-type=\"container\" data-settings=\"{&quot;background_background&quot;:&quot;classic&quot;,&quot;jet_parallax_layout_list&quot;:[]}\">\n\t\t\t\t\t<div class=\"e-con-inner\">\n\t\t\t\t\t<\/div>\n\t\t\t\t<\/div>\n\t\t\t\t<\/div>\n\t\t<div class=\"elementor-element elementor-element-a98322b e-flex e-con-boxed e-con e-parent\" data-id=\"a98322b\" data-element_type=\"container\" data-e-type=\"container\" data-settings=\"{&quot;background_background&quot;:&quot;classic&quot;,&quot;jet_parallax_layout_list&quot;:[]}\">\n\t\t\t\t\t<div class=\"e-con-inner\">\n\t\t<div class=\"elementor-element elementor-element-a2ca89e e-flex e-con-boxed e-con e-child\" data-id=\"a2ca89e\" data-element_type=\"container\" data-e-type=\"container\" data-settings=\"{&quot;background_background&quot;:&quot;classic&quot;,&quot;jet_parallax_layout_list&quot;:[]}\">\n\t\t\t\t\t<div class=\"e-con-inner\">\n\t\t\t\t<div class=\"elementor-element elementor-element-f8f8ebe elementor-widget elementor-widget-heading\" data-id=\"f8f8ebe\" data-element_type=\"widget\" data-e-type=\"widget\" data-widget_type=\"heading.default\">\n\t\t\t\t<div class=\"elementor-widget-container\">\n\t\t\t\t\t<h1 class=\"elementor-heading-title elementor-size-default\">Salsiccia della Carniola, birra e struccoli<\/h1>\t\t\t\t<\/div>\n\t\t\t\t<\/div>\n\t\t\t\t<div class=\"elementor-element elementor-element-189e1e8 elementor-widget elementor-widget-text-editor\" data-id=\"189e1e8\" data-element_type=\"widget\" data-e-type=\"widget\" data-widget_type=\"text-editor.default\">\n\t\t\t\t<div class=\"elementor-widget-container\">\n\t\t\t\t\t\t\t\t\t<h3>Nell\u2019 Alta Carniola <a href=\"https:\/\/www.visitkranj.com\/it\/culinario\/\">l&#8217;amore passa per lo stomaco<\/a>. E proprio per questo a Kranj si possono sentire i profumi in ogni angolo della citt\u00e0: quelli del pane croccante, delle salsicce succose, di una buona zuppa o di dolci genuini.<\/h3>\t\t\t\t\t\t\t\t<\/div>\n\t\t\t\t<\/div>\n\t\t\t\t<div class=\"elementor-element elementor-element-567fa1d elementor-widget elementor-widget-text-editor\" data-id=\"567fa1d\" data-element_type=\"widget\" data-e-type=\"widget\" data-widget_type=\"text-editor.default\">\n\t\t\t\t<div class=\"elementor-widget-container\">\n\t\t\t\t\t\t\t\t\t<p>Gli chef carniolini preservano la tradizione e, allo stesso tempo, la rinnovano aggiungendo un gusto di moderna creativit\u00e0. Si impegnano a ricercare e utilizzare ingredienti locali, mettendosi in contatto con gli agricoltori del territorio, in modo da far conoscere e scoprire agli ospiti-visitatori i sapori e gli ingredienti tipici della nostra citt\u00e0.<\/p><blockquote><p>Non sottovalutare i ristoranti che propongono anche i <a href=\"https:\/\/www.visitkranj.com\/it\/i-sapori-di-kranj\/\"><strong>sapori tradizionali<\/strong><\/a>!<\/p><\/blockquote><h2>Salsiccia di Kranj<\/h2><p>La salsiccia di Kranj \u00e8 uno dei <strong>piatti sloveni pi\u00f9 caratteristici<\/strong>, originaria dell&#8217;Alta Carniola e con una storia interessante. Quando fu servita a <strong>Francesco Giuseppe<\/strong> durante il suo viaggio attraverso la regione di Kranj e dei suoi dintorni, dopo averla assaggiata l&#8217;imperatore si mostr\u00f2 molto sorpreso ed esclam\u00f2, con grande enutsiasmo, di non aver mai gustato un piatto cos\u00ec delizioso, arrivando a dire: &#8220;<em>Questa non \u00e8 una salsiccia qualunque, questa \u00e8 la salsiccia di Kranj!<\/em>&#8220;<\/p><p><img fetchpriority=\"high\" decoding=\"async\" class=\"alignnone size-full wp-image-295134\" src=\"https:\/\/www.visitkranj.com\/wp-content\/uploads\/2024\/01\/Kranjska-klobasa-Visit-Kranj-1.jpg\" alt=\"\" width=\"1024\" height=\"768\" srcset=\"https:\/\/www.visitkranj.com\/wp-content\/uploads\/2024\/01\/Kranjska-klobasa-Visit-Kranj-1.jpg 1024w, https:\/\/www.visitkranj.com\/wp-content\/uploads\/2024\/01\/Kranjska-klobasa-Visit-Kranj-1-300x225.jpg 300w, https:\/\/www.visitkranj.com\/wp-content\/uploads\/2024\/01\/Kranjska-klobasa-Visit-Kranj-1-768x576.jpg 768w\" sizes=\"(max-width: 1024px) 100vw, 1024px\" \/><\/p><h2>Birra di Kranj<\/h2><p>Oggi, la salsiccia di Kranj si sposa alla perfezione con la birra locale, prodotta e servita nel <strong>birrificio di Kranj<\/strong> (Kranjska Pivnica) e in alcuni bar selezionati dei dintorni. La bevanda, che deve il suo nome al territorio, fu lanciata per la prima volta nel <strong>1818<\/strong>, mantenendo il nome per quasi 100 anni, per poi scomparire per quasi un secolo. Grazie all\u2019apertura del birrificio e del pub, la birra di Kranj \u00e8 tornata in vita e ricomparsa nei migliori locali della zona.<\/p><p><img decoding=\"async\" class=\"alignnone size-full wp-image-295126\" src=\"https:\/\/www.visitkranj.com\/wp-content\/uploads\/2024\/01\/Kranjsko-pivo-Visit-Kranj.jpg\" alt=\"\" width=\"1024\" height=\"768\" srcset=\"https:\/\/www.visitkranj.com\/wp-content\/uploads\/2024\/01\/Kranjsko-pivo-Visit-Kranj.jpg 1024w, https:\/\/www.visitkranj.com\/wp-content\/uploads\/2024\/01\/Kranjsko-pivo-Visit-Kranj-300x225.jpg 300w, https:\/\/www.visitkranj.com\/wp-content\/uploads\/2024\/01\/Kranjsko-pivo-Visit-Kranj-768x576.jpg 768w\" sizes=\"(max-width: 1024px) 100vw, 1024px\" \/><\/p><h2>Struccoli di Kranj<\/h2><p>Agli amanti della buona cucina, e in particolare dei <strong>dolci<\/strong>, consigliamo vivamente gli struccoli di Kranj. Questo dessert semplice ma eccellente pu\u00f2 essere preparato seguendo la ricetta di <strong>Magdalena Knafelj Pleiweis<\/strong> del <strong>1868<\/strong>.<\/p><p><img decoding=\"async\" class=\"alignnone size-full wp-image-295130\" src=\"https:\/\/www.visitkranj.com\/wp-content\/uploads\/2024\/01\/Kranjski-struklji-Visit-Kranj-1.jpg\" alt=\"\" width=\"1024\" height=\"768\" srcset=\"https:\/\/www.visitkranj.com\/wp-content\/uploads\/2024\/01\/Kranjski-struklji-Visit-Kranj-1.jpg 1024w, https:\/\/www.visitkranj.com\/wp-content\/uploads\/2024\/01\/Kranjski-struklji-Visit-Kranj-1-300x225.jpg 300w, https:\/\/www.visitkranj.com\/wp-content\/uploads\/2024\/01\/Kranjski-struklji-Visit-Kranj-1-768x576.jpg 768w\" sizes=\"(max-width: 1024px) 100vw, 1024px\" \/><\/p><h3>Struccoli di Kranj \u2013 ricetta di Magdalena Pleiweis<\/h3><p><strong>Ingredienti (per 8-10 persone):<\/strong><\/p><p><span style=\"text-decoration: underline;\">Impasto<\/span>:<br \/>1,8 dl di latte<br \/>1 uovo<br \/>4 cucchiai di farina bianca<br \/>un pizzico di sale<\/p><p><span style=\"text-decoration: underline;\">Riempimento<\/span>:<br \/>2 tuorli d&#8217;uovo<br \/>farina bianca<br \/>5,3 dl di latte o panna<br \/>1 cucchiaio colmo di burro crudo<br \/>5 tuorli d&#8217;uovo<br \/>1 zucchero vanigliato<br \/>1 cucchiaio di zucchero<br \/>montatura ferma 4 albumi<br \/>confettura di prugne o albicocche<\/p><p><span style=\"text-decoration: underline;\">Guarnizione<\/span>:<br \/>2,5 dl panna acida<br \/>2 uova<\/p><p><span style=\"text-decoration: underline;\">Preparazione<\/span>:<br \/>Prepariamo dei pancake leggermente pi\u00f9 spessi usando l&#8217;impasto, fatto con 2 tuorli d&#8217;uovo e farina, quindi grattugiarlo. Cuocere il porridge grattugiato nel latte o nella panna, finch\u00e9 non diventa denso. Una volta raffreddato, aggiungere il burro ammorbidito, l&#8217;uovo sbattuto, lo zucchero e la marmellata. Spalmate il ripieno sui pancake, tagliateli in tre parti, sistemateli in piatti di terracotta e versateci sopra la salsa. Cuocere in forno a 200 \u00b0C per 10-15 minuti. Servire caldo.<\/p><p style=\"text-align: center;\"><span style=\"color: #808080;\">Autori delle immagini: Miha Bratina, ZTKK<\/span><\/p>\t\t\t\t\t\t\t\t<\/div>\n\t\t\t\t<\/div>\n\t\t\t\t\t<\/div>\n\t\t\t\t<\/div>\n\t\t\t\t\t<\/div>\n\t\t\t\t<\/div>\n\t\t\t\t<\/div>\n\t\t","protected":false},"excerpt":{"rendered":"<p>Salsiccia della Carniola, birra e struccoli Nell\u2019 Alta Carniola l&#8217;amore passa per lo stomaco. E proprio per questo a Kranj si possono sentire i profumi in ogni angolo della citt\u00e0: quelli del pane croccante, delle salsicce succose, di una buona zuppa o di dolci genuini. Gli chef carniolini preservano la tradizione e, allo stesso tempo, [&hellip;]<\/p>\n","protected":false},"author":7,"featured_media":295141,"parent":17567,"menu_order":0,"comment_status":"closed","ping_status":"closed","template":"","meta":{"footnotes":""},"class_list":["post-295198","page","type-page","status-publish","has-post-thumbnail","hentry"],"yoast_head":"<!-- This site is optimized with the Yoast SEO plugin v26.9 - https:\/\/yoast.com\/product\/yoast-seo-wordpress\/ -->\n<title>Salsiccia della Carniola, birra e struccoli - Visit Kranj<\/title>\n<meta name=\"robots\" content=\"index, follow, max-snippet:-1, max-image-preview:large, max-video-preview:-1\" \/>\n<link rel=\"canonical\" href=\"https:\/\/www.visitkranj.com\/it\/culinario\/il-trio-culinario-di-kranj\/\" \/>\n<meta property=\"og:locale\" content=\"it_IT\" \/>\n<meta property=\"og:type\" content=\"article\" \/>\n<meta property=\"og:title\" content=\"Salsiccia della Carniola, birra e struccoli - Visit Kranj\" \/>\n<meta property=\"og:description\" content=\"Salsiccia della Carniola, birra e struccoli Nell\u2019 Alta Carniola l&#8217;amore passa per lo stomaco. E proprio per questo a Kranj si possono sentire i profumi in ogni angolo della citt\u00e0: quelli del pane croccante, delle salsicce succose, di una buona zuppa o di dolci genuini. Gli chef carniolini preservano la tradizione e, allo stesso tempo, [&hellip;]\" \/>\n<meta property=\"og:url\" content=\"https:\/\/www.visitkranj.com\/it\/culinario\/il-trio-culinario-di-kranj\/\" \/>\n<meta property=\"og:site_name\" content=\"Visit Kranj\" \/>\n<meta property=\"article:publisher\" content=\"https:\/\/www.facebook.com\/VisitKranj\/\" \/>\n<meta property=\"article:modified_time\" content=\"2025-02-12T15:00:53+00:00\" \/>\n<meta property=\"og:image\" content=\"https:\/\/www.visitkranj.com\/wp-content\/uploads\/2024\/01\/Kranjski-kulinaricni-trio_visit-kranj_JAN-2024.jpg\" \/>\n\t<meta property=\"og:image:width\" content=\"1334\" \/>\n\t<meta property=\"og:image:height\" content=\"873\" \/>\n\t<meta property=\"og:image:type\" content=\"image\/jpeg\" \/>\n<meta name=\"twitter:card\" content=\"summary_large_image\" \/>\n<meta name=\"twitter:label1\" content=\"Tempo di lettura stimato\" \/>\n\t<meta name=\"twitter:data1\" content=\"3 minuti\" \/>\n<script type=\"application\/ld+json\" class=\"yoast-schema-graph\">{\"@context\":\"https:\/\/schema.org\",\"@graph\":[{\"@type\":\"WebPage\",\"@id\":\"https:\/\/www.visitkranj.com\/it\/culinario\/il-trio-culinario-di-kranj\/\",\"url\":\"https:\/\/www.visitkranj.com\/it\/culinario\/il-trio-culinario-di-kranj\/\",\"name\":\"Salsiccia della Carniola, birra e struccoli - Visit Kranj\",\"isPartOf\":{\"@id\":\"https:\/\/www.visitkranj.com\/it\/#website\"},\"primaryImageOfPage\":{\"@id\":\"https:\/\/www.visitkranj.com\/it\/culinario\/il-trio-culinario-di-kranj\/#primaryimage\"},\"image\":{\"@id\":\"https:\/\/www.visitkranj.com\/it\/culinario\/il-trio-culinario-di-kranj\/#primaryimage\"},\"thumbnailUrl\":\"https:\/\/www.visitkranj.com\/wp-content\/uploads\/2024\/01\/Kranjski-kulinaricni-trio_visit-kranj_JAN-2024.jpg\",\"datePublished\":\"2024-01-17T09:06:52+00:00\",\"dateModified\":\"2025-02-12T15:00:53+00:00\",\"breadcrumb\":{\"@id\":\"https:\/\/www.visitkranj.com\/it\/culinario\/il-trio-culinario-di-kranj\/#breadcrumb\"},\"inLanguage\":\"it-IT\",\"potentialAction\":[{\"@type\":\"ReadAction\",\"target\":[\"https:\/\/www.visitkranj.com\/it\/culinario\/il-trio-culinario-di-kranj\/\"]}]},{\"@type\":\"ImageObject\",\"inLanguage\":\"it-IT\",\"@id\":\"https:\/\/www.visitkranj.com\/it\/culinario\/il-trio-culinario-di-kranj\/#primaryimage\",\"url\":\"https:\/\/www.visitkranj.com\/wp-content\/uploads\/2024\/01\/Kranjski-kulinaricni-trio_visit-kranj_JAN-2024.jpg\",\"contentUrl\":\"https:\/\/www.visitkranj.com\/wp-content\/uploads\/2024\/01\/Kranjski-kulinaricni-trio_visit-kranj_JAN-2024.jpg\",\"width\":1334,\"height\":873},{\"@type\":\"BreadcrumbList\",\"@id\":\"https:\/\/www.visitkranj.com\/it\/culinario\/il-trio-culinario-di-kranj\/#breadcrumb\",\"itemListElement\":[{\"@type\":\"ListItem\",\"position\":1,\"name\":\"Inizio\",\"item\":\"https:\/\/www.visitkranj.com\/it\/\"},{\"@type\":\"ListItem\",\"position\":2,\"name\":\"Culinario\",\"item\":\"https:\/\/www.visitkranj.com\/it\/kulinarika\/\"},{\"@type\":\"ListItem\",\"position\":3,\"name\":\"Salsiccia della Carniola, birra e struccoli\"}]},{\"@type\":\"WebSite\",\"@id\":\"https:\/\/www.visitkranj.com\/it\/#website\",\"url\":\"https:\/\/www.visitkranj.com\/it\/\",\"name\":\"Visit Kranj\",\"description\":\"Uradna spletna stran turizma Kranj\",\"publisher\":{\"@id\":\"https:\/\/www.visitkranj.com\/it\/#organization\"},\"potentialAction\":[{\"@type\":\"SearchAction\",\"target\":{\"@type\":\"EntryPoint\",\"urlTemplate\":\"https:\/\/www.visitkranj.com\/it\/?s={search_term_string}\"},\"query-input\":{\"@type\":\"PropertyValueSpecification\",\"valueRequired\":true,\"valueName\":\"search_term_string\"}}],\"inLanguage\":\"it-IT\"},{\"@type\":\"Organization\",\"@id\":\"https:\/\/www.visitkranj.com\/it\/#organization\",\"name\":\"Zavod za turizem in kulturo Kranj\",\"url\":\"https:\/\/www.visitkranj.com\/it\/\",\"logo\":{\"@type\":\"ImageObject\",\"inLanguage\":\"it-IT\",\"@id\":\"https:\/\/www.visitkranj.com\/it\/#\/schema\/logo\/image\/\",\"url\":\"https:\/\/www.visitkranj.com\/wp-content\/uploads\/2022\/11\/logo_menu_small.png\",\"contentUrl\":\"https:\/\/www.visitkranj.com\/wp-content\/uploads\/2022\/11\/logo_menu_small.png\",\"width\":142,\"height\":142,\"caption\":\"Zavod za turizem in kulturo Kranj\"},\"image\":{\"@id\":\"https:\/\/www.visitkranj.com\/it\/#\/schema\/logo\/image\/\"},\"sameAs\":[\"https:\/\/www.facebook.com\/VisitKranj\/\",\"https:\/\/www.instagram.com\/visitkranj\/\",\"https:\/\/www.tripadvisor.com\/Attraction_Review-g644300-d7289577-Reviews-Tourist_Information_Centre_Kranj_House-Kranj_Upper_Carniola_Region.html\"]}]}<\/script>\n<!-- \/ Yoast SEO plugin. -->","yoast_head_json":{"title":"Salsiccia della Carniola, birra e struccoli - Visit Kranj","robots":{"index":"index","follow":"follow","max-snippet":"max-snippet:-1","max-image-preview":"max-image-preview:large","max-video-preview":"max-video-preview:-1"},"canonical":"https:\/\/www.visitkranj.com\/it\/culinario\/il-trio-culinario-di-kranj\/","og_locale":"it_IT","og_type":"article","og_title":"Salsiccia della Carniola, birra e struccoli - Visit Kranj","og_description":"Salsiccia della Carniola, birra e struccoli Nell\u2019 Alta Carniola l&#8217;amore passa per lo stomaco. E proprio per questo a Kranj si possono sentire i profumi in ogni angolo della citt\u00e0: quelli del pane croccante, delle salsicce succose, di una buona zuppa o di dolci genuini. Gli chef carniolini preservano la tradizione e, allo stesso tempo, [&hellip;]","og_url":"https:\/\/www.visitkranj.com\/it\/culinario\/il-trio-culinario-di-kranj\/","og_site_name":"Visit Kranj","article_publisher":"https:\/\/www.facebook.com\/VisitKranj\/","article_modified_time":"2025-02-12T15:00:53+00:00","og_image":[{"width":1334,"height":873,"url":"https:\/\/www.visitkranj.com\/wp-content\/uploads\/2024\/01\/Kranjski-kulinaricni-trio_visit-kranj_JAN-2024.jpg","type":"image\/jpeg"}],"twitter_card":"summary_large_image","twitter_misc":{"Tempo di lettura stimato":"3 minuti"},"schema":{"@context":"https:\/\/schema.org","@graph":[{"@type":"WebPage","@id":"https:\/\/www.visitkranj.com\/it\/culinario\/il-trio-culinario-di-kranj\/","url":"https:\/\/www.visitkranj.com\/it\/culinario\/il-trio-culinario-di-kranj\/","name":"Salsiccia della Carniola, birra e struccoli - Visit Kranj","isPartOf":{"@id":"https:\/\/www.visitkranj.com\/it\/#website"},"primaryImageOfPage":{"@id":"https:\/\/www.visitkranj.com\/it\/culinario\/il-trio-culinario-di-kranj\/#primaryimage"},"image":{"@id":"https:\/\/www.visitkranj.com\/it\/culinario\/il-trio-culinario-di-kranj\/#primaryimage"},"thumbnailUrl":"https:\/\/www.visitkranj.com\/wp-content\/uploads\/2024\/01\/Kranjski-kulinaricni-trio_visit-kranj_JAN-2024.jpg","datePublished":"2024-01-17T09:06:52+00:00","dateModified":"2025-02-12T15:00:53+00:00","breadcrumb":{"@id":"https:\/\/www.visitkranj.com\/it\/culinario\/il-trio-culinario-di-kranj\/#breadcrumb"},"inLanguage":"it-IT","potentialAction":[{"@type":"ReadAction","target":["https:\/\/www.visitkranj.com\/it\/culinario\/il-trio-culinario-di-kranj\/"]}]},{"@type":"ImageObject","inLanguage":"it-IT","@id":"https:\/\/www.visitkranj.com\/it\/culinario\/il-trio-culinario-di-kranj\/#primaryimage","url":"https:\/\/www.visitkranj.com\/wp-content\/uploads\/2024\/01\/Kranjski-kulinaricni-trio_visit-kranj_JAN-2024.jpg","contentUrl":"https:\/\/www.visitkranj.com\/wp-content\/uploads\/2024\/01\/Kranjski-kulinaricni-trio_visit-kranj_JAN-2024.jpg","width":1334,"height":873},{"@type":"BreadcrumbList","@id":"https:\/\/www.visitkranj.com\/it\/culinario\/il-trio-culinario-di-kranj\/#breadcrumb","itemListElement":[{"@type":"ListItem","position":1,"name":"Inizio","item":"https:\/\/www.visitkranj.com\/it\/"},{"@type":"ListItem","position":2,"name":"Culinario","item":"https:\/\/www.visitkranj.com\/it\/kulinarika\/"},{"@type":"ListItem","position":3,"name":"Salsiccia della Carniola, birra e struccoli"}]},{"@type":"WebSite","@id":"https:\/\/www.visitkranj.com\/it\/#website","url":"https:\/\/www.visitkranj.com\/it\/","name":"Visit Kranj","description":"Uradna spletna stran turizma Kranj","publisher":{"@id":"https:\/\/www.visitkranj.com\/it\/#organization"},"potentialAction":[{"@type":"SearchAction","target":{"@type":"EntryPoint","urlTemplate":"https:\/\/www.visitkranj.com\/it\/?s={search_term_string}"},"query-input":{"@type":"PropertyValueSpecification","valueRequired":true,"valueName":"search_term_string"}}],"inLanguage":"it-IT"},{"@type":"Organization","@id":"https:\/\/www.visitkranj.com\/it\/#organization","name":"Zavod za turizem in kulturo Kranj","url":"https:\/\/www.visitkranj.com\/it\/","logo":{"@type":"ImageObject","inLanguage":"it-IT","@id":"https:\/\/www.visitkranj.com\/it\/#\/schema\/logo\/image\/","url":"https:\/\/www.visitkranj.com\/wp-content\/uploads\/2022\/11\/logo_menu_small.png","contentUrl":"https:\/\/www.visitkranj.com\/wp-content\/uploads\/2022\/11\/logo_menu_small.png","width":142,"height":142,"caption":"Zavod za turizem in kulturo Kranj"},"image":{"@id":"https:\/\/www.visitkranj.com\/it\/#\/schema\/logo\/image\/"},"sameAs":["https:\/\/www.facebook.com\/VisitKranj\/","https:\/\/www.instagram.com\/visitkranj\/","https:\/\/www.tripadvisor.com\/Attraction_Review-g644300-d7289577-Reviews-Tourist_Information_Centre_Kranj_House-Kranj_Upper_Carniola_Region.html"]}]}},"_links":{"self":[{"href":"https:\/\/www.visitkranj.com\/it\/wp-json\/wp\/v2\/pages\/295198","targetHints":{"allow":["GET"]}}],"collection":[{"href":"https:\/\/www.visitkranj.com\/it\/wp-json\/wp\/v2\/pages"}],"about":[{"href":"https:\/\/www.visitkranj.com\/it\/wp-json\/wp\/v2\/types\/page"}],"author":[{"embeddable":true,"href":"https:\/\/www.visitkranj.com\/it\/wp-json\/wp\/v2\/users\/7"}],"replies":[{"embeddable":true,"href":"https:\/\/www.visitkranj.com\/it\/wp-json\/wp\/v2\/comments?post=295198"}],"version-history":[{"count":11,"href":"https:\/\/www.visitkranj.com\/it\/wp-json\/wp\/v2\/pages\/295198\/revisions"}],"predecessor-version":[{"id":903777,"href":"https:\/\/www.visitkranj.com\/it\/wp-json\/wp\/v2\/pages\/295198\/revisions\/903777"}],"up":[{"embeddable":true,"href":"https:\/\/www.visitkranj.com\/it\/wp-json\/wp\/v2\/pages\/17567"}],"wp:featuredmedia":[{"embeddable":true,"href":"https:\/\/www.visitkranj.com\/it\/wp-json\/wp\/v2\/media\/295141"}],"wp:attachment":[{"href":"https:\/\/www.visitkranj.com\/it\/wp-json\/wp\/v2\/media?parent=295198"}],"curies":[{"name":"wp","href":"https:\/\/api.w.org\/{rel}","templated":true}]}}